{"id":1034,"date":"2026-02-03T11:59:33","date_gmt":"2026-02-03T11:59:33","guid":{"rendered":"https:\/\/possp.pt\/?page_id=1034"},"modified":"2026-04-06T22:52:54","modified_gmt":"2026-04-06T22:52:54","slug":"pelerinaj-la-manastirea-essex","status":"publish","type":"page","link":"https:\/\/possp.pt\/pt\/pelerinaj-la-manastirea-essex\/","title":{"rendered":"Peregrina\u00e7\u00e3o ao Mosteiro de Essex"},"content":{"rendered":"<div class=\"brz brz-root__container brz-reset-all brz-root__container-page\">\n<section id=\"rLSgq2HUTK28_rLSgq2HUTK28\" class=\"brz-section brz-css-d-section brz-css-lwt2vq\">\n<div class=\"brz-section__content brz-section--boxed brz-css-d-sectionitem-bg brz-css-eepfl1\" data-brz-custom-id=\"pDhVV7qf84jx\">\n<div class=\"brz-container brz-css-d-sectionitem-container brz-css-quga5p\">\n<div id=\"\" class=\"brz-css-d-wrapper brz-css-1x2sxfn brz-wrapper\">\n<div class=\"brz-rich-text brz-rich-text__custom brz-css-d-richtext brz-css-83ejfq\" data-brz-custom-id=\"cciqYOUBpM4O\">\n<div data-brz-translate-text=\"1\">\n<h1 class=\"brz-tp-lg-heading1 brz-css-nQIoe\" data-uniq-id=\"reGfU\" data-generated-css=\"brz-css-q1YQd\"><span>Peregrina\u00e7\u00e3o ao Mosteiro de Essex<\/span><\/h1>\n<\/div>\n<\/div>\n<\/div>\n<div class=\"brz-row__container brz-css-d-row-row brz-css-d0yz1x\" data-brz-custom-id=\"t_e4HSEABOla\">\n<div class=\"brz-row brz-css-d-row-container brz-css-suz2sz\">\n<div class=\"brz-columns brz-css-d-column-column brz-css-1is8bvr\" data-brz-custom-id=\"h2XWCpTKNnT5\">\n<div class=\"brz-column__items brz-css-d-column-bg brz-css-laeoze\">\n<div id=\"\" class=\"brz-css-d-wrapper brz-css-11l2aw6 brz-wrapper\">\n<div class=\"brz-rich-text brz-rich-text__custom brz-css-d-richtext brz-css-1wt7mhp\" data-brz-custom-id=\"fT_B0opvxy51\">\n<div data-brz-translate-text=\"1\">\n<p class=\"brz-tp-lg-paragraph brz-css-iaYHW\" data-generated-css=\"brz-css-m3E_K\" data-uniq-id=\"fgyYE\"><span>Entre 10 e 14 de junho, organizaremos uma peregrina\u00e7\u00e3o \u00e0 Inglaterra, ao mosteiro de Essex.\nNa quarta-feira, primeiro dia, visitaremos a Catedral de Londres, onde o Metropolita Antonie de Suroj ministrou, bem como o t\u00famulo onde est\u00e1 sepultado.<\/span><\/p>\n<\/div>\n<\/div>\n<\/div>\n<div id=\"\" class=\"brz-css-d-wrapper brz-css-vlor6s brz-wrapper\">\n<div class=\"brz-rich-text brz-rich-text__custom brz-css-d-richtext brz-css-kqd0t1\" data-brz-custom-id=\"oDnGCwGA6Z2S\">\n<div data-brz-translate-text=\"1\">\n<p class=\"brz-tp-lg-paragraph brz-css-qa24u\" data-generated-css=\"brz-css-iUsqc\" data-uniq-id=\"kLY6l\"><span>\u00c0 noite, seguiremos para o mosteiro de Essex, fundado por S\u00e3o Sofronie, onde permaneceremos at\u00e9 domingo \u00e0 noite, quando regressaremos ao Porto.<\/span><\/p>\n<\/div>\n<\/div>\n<\/div>\n<div id=\"\" class=\"brz-css-d-wrapper brz-css-18dggw1 brz-wrapper\">\n<div class=\"brz-rich-text brz-rich-text__custom brz-css-d-richtext brz-css-d4bxo8\" data-brz-custom-id=\"oaI5e26YMqXK\">\n<div data-brz-translate-text=\"1\">\n<p class=\"brz-tp-lg-paragraph brz-css-wKeM7\" data-generated-css=\"brz-css-gMO8i\" data-uniq-id=\"c4swW\"><span>Mais detalhes e inscri\u00e7\u00f5es pelo telefone: <\/span><a class=\"link--external\" href=\"tel:910628615\" data-brz-link-type=\"external\" target=\"_blank\" rel=\"noreferrer noopener\">910 628 615<\/a><\/p>\n<p class=\"brz-tp-lg-paragraph brz-css-vWG6Y\" data-generated-css=\"brz-css-riAaA\" data-uniq-id=\"nH2LP\"><span>ou pelo e-mail: <\/span><a class=\"link--external\" href=\"mailto:contact@possp.pt\" data-brz-link-type=\"external\" target=\"_blank\" rel=\"noreferrer noopener\">contact@possp.pt<\/a><\/p>\n<\/div>\n<\/div>\n<\/div>\n<\/div>\n<\/div>\n<div class=\"brz-columns brz-css-d-column-column brz-css-13p39w2\" data-brz-custom-id=\"ye_oxBuaKQ1a\">\n<div class=\"brz-column__items brz-css-d-column-bg brz-css-697iz0\">\n<div id=\"roimg\" class=\"brz-css-d-wrapper brz-css-1t3y2zh brz-wrapper\">\n<div class=\"brz-image brz-image__lightbox brz-css-d-image-e3apmbzohyjh-parent brz-css-1ad0mk9\" data-brz-custom-id=\"e3ApMBzoHyJH\"><a class=\"brz-a\" target=\"_self\" rel=\"noopener\" href=\"https:\/\/possp.pt\/wp-content\/uploads\/2026\/02\/Pelerinaj-la-Manastirea-Essex-RO.jpg\" data-brz-link-type=\"lightBox\"><img decoding=\"async\" class=\"brz-img\" src=\"https:\/\/possp.pt\/wp-content\/uploads\/2026\/02\/Pelerinaj-la-Manastirea-Essex-RO.jpg\" loading=\"lazy\" title=\"\"><\/a><\/div>\n<\/div>\n<div id=\"ptimg\" class=\"brz-css-d-wrapper brz-css-1jx9n3i brz-wrapper\">\n<div class=\"brz-image brz-image__lightbox brz-css-d-image-trsicintogic-parent brz-css-qkzah8\" data-brz-custom-id=\"trSIcinToGic\"><a class=\"brz-a\" target=\"_self\" rel=\"noopener\" href=\"https:\/\/possp.pt\/wp-content\/uploads\/2026\/02\/Pelerinaj-la-Manastirea-Essex-PT.jpg\" data-brz-link-type=\"lightBox\"><img decoding=\"async\" class=\"brz-img\" src=\"https:\/\/possp.pt\/wp-content\/uploads\/2026\/02\/Pelerinaj-la-Manastirea-Essex-PT.jpg\" loading=\"lazy\" title=\"\"><\/a><\/div>\n<\/div>\n<\/div>\n<\/div>\n<\/div>\n<\/div>\n<\/div>\n<\/div>\n<\/section><\/div>\n<p><!-- version:1770121048 --><\/p>","protected":false},"excerpt":{"rendered":"<p>Pelerinaj la M\u0103n\u0103stirea Essex \u00cen perioada 10-14 iunie, vom organiza un pelerinaj \u00een Anglia, la m\u0103n\u0103stirea Essex. Miercuri, \u00een prima zi, vom vizita Catedrala din Londra unde a slujit Mitropolitul Antonie de Suroj, dar \u0219i morm\u00e2ntul unde se afl\u0103 \u00eengropat. Seara ne vom \u00eendrepta spre m\u0103n\u0103stirea Essex, ctitorie a Sf\u00e2ntului Sofronie, unde vom r\u0103m\u00e2ne p\u0103n\u0103 [&hellip;]<\/p>\n","protected":false},"author":1,"featured_media":0,"parent":0,"menu_order":0,"comment_status":"closed","ping_status":"closed","template":"","meta":{"footnotes":""},"class_list":["post-1034","page","type-page","status-publish","hentry"],"blocksy_meta":[],"brizy_media":[{"id":1038,"url":"https:\/\/possp.pt\/wp-content\/uploads\/2026\/02\/Pelerinaj-la-Manastirea-Essex-RO.jpg","name":"Pelerinaj-la-Manastirea-Essex-RO.jpg","meta":{"brizy_attachment_uid":"wp-9b79602818cc781242aed104f28e6f26.jpg","brizy_post_uid":["74c69f168eeab1786cc5b85e44593f04"]}},{"id":1039,"url":"https:\/\/possp.pt\/wp-content\/uploads\/2026\/02\/Pelerinaj-la-Manastirea-Essex-PT.jpg","name":"Pelerinaj-la-Manastirea-Essex-PT.jpg","meta":{"brizy_attachment_uid":"wp-8114fa81731d65fd65e5a5128ca4026c.jpg","brizy_post_uid":["74c69f168eeab1786cc5b85e44593f04"]}}],"_links":{"self":[{"href":"https:\/\/possp.pt\/pt\/wp-json\/wp\/v2\/pages\/1034","targetHints":{"allow":["GET"]}}],"collection":[{"href":"https:\/\/possp.pt\/pt\/wp-json\/wp\/v2\/pages"}],"about":[{"href":"https:\/\/possp.pt\/pt\/wp-json\/wp\/v2\/types\/page"}],"author":[{"embeddable":true,"href":"https:\/\/possp.pt\/pt\/wp-json\/wp\/v2\/users\/1"}],"replies":[{"embeddable":true,"href":"https:\/\/possp.pt\/pt\/wp-json\/wp\/v2\/comments?post=1034"}],"version-history":[{"count":9,"href":"https:\/\/possp.pt\/pt\/wp-json\/wp\/v2\/pages\/1034\/revisions"}],"predecessor-version":[{"id":1054,"href":"https:\/\/possp.pt\/pt\/wp-json\/wp\/v2\/pages\/1034\/revisions\/1054"}],"wp:attachment":[{"href":"https:\/\/possp.pt\/pt\/wp-json\/wp\/v2\/media?parent=1034"}],"curies":[{"name":"wp","href":"https:\/\/api.w.org\/{rel}","templated":true}]}}