{"id":1126,"date":"2026-03-27T11:55:47","date_gmt":"2026-03-27T11:55:47","guid":{"rendered":"https:\/\/possp.pt\/?page_id=1126"},"modified":"2026-04-06T15:52:41","modified_gmt":"2026-04-06T15:52:41","slug":"weekend-la-manastire-martie-2026","status":"publish","type":"page","link":"https:\/\/possp.pt\/pt\/weekend-la-manastire-martie-2026\/","title":{"rendered":"Fim de semana no mosteiro, mar\u00e7o de 2026"},"content":{"rendered":"<div class=\"brz brz-root__container brz-reset-all brz-root__container-page\">\n<section id=\"xP8HwjlpNsVw_xP8HwjlpNsVw\" class=\"brz-section brz-css-d-section brz-css-iqmbsn\">\n<div class=\"brz-section__content brz-section--boxed brz-css-d-sectionitem-bg brz-css-p8ch3g\" data-brz-custom-id=\"uWpUZyAiRvx5\">\n<div class=\"brz-container brz-css-d-sectionitem-container brz-css-1mr5p10\">\n<div id=\"\" class=\"brz-css-d-wrapper brz-css-y1myq1 brz-wrapper\">\n<div class=\"brz-rich-text brz-rich-text__custom brz-css-d-richtext brz-css-ub8rk6\" data-brz-custom-id=\"cahaOTmlnlT3\">\n<div data-brz-translate-text=\"1\">\n<h1 class=\"brz-text-lg-justify ql-align-center brz-fss-lg-px brz-fw-lg-400 brz-ls-lg-0 brz-lh-lg-1_3 brz-vfw-lg-400 brz-fwdth-lg-100 brz-fsft-lg-0 brz-ff-playfair_display brz-ft-google brz-fs-lg-38 brz-tp-lg-heading1 brz-css-oijrA\" data-generated-css=\"brz-css-a6prT\" data-uniq-id=\"kv4zo\">Fim de semana no mosteiro, mar\u00e7o de 2026<\/h1>\n<\/div>\n<\/div>\n<\/div>\n<div id=\"\" class=\"brz-css-d-wrapper brz-css-8bv7e4 brz-wrapper\">\n<div class=\"brz-rich-text brz-rich-text__custom brz-css-d-richtext brz-css-7l6uiy\" data-brz-custom-id=\"wpLmb_U9rvgw\">\n<div data-brz-translate-text=\"1\">\n<p class=\"brz-tp-lg-paragraph,empty brz-css-r32ie\" data-generated-css=\"brz-css-d_qRX\" data-uniq-id=\"vbXQa\"><span style=\"background-color: transparent\">Mais um fim de semana de que nos lembraremos com alegria. Desta vez, pass\u00e1mos o fim de semana no mosteiro, a meio da Quaresma.<\/span><\/p>\n<\/div>\n<\/div>\n<\/div>\n<div id=\"\" class=\"brz-css-d-wrapper brz-css-f2xdhi brz-wrapper\">\n<div class=\"brz-rich-text brz-rich-text__custom brz-css-d-richtext brz-css-ne3v4g\" data-brz-custom-id=\"p_iLXoDW97oH\">\n<div data-brz-translate-text=\"1\">\n<p class=\"brz-tp-lg-paragraph,empty brz-css-tBoJB\" data-generated-css=\"brz-css-hJM4q\" data-uniq-id=\"qu1Dt\"><span style=\"background-color: transparent\">Na sexta-feira \u00e0 noite, assim que cheg\u00e1mos, jant\u00e1mos no refeit\u00f3rio. Como havia pessoas novas, foi um momento em que pudemos conhecer-nos melhor.<\/span><\/p>\n<\/div>\n<\/div>\n<\/div>\n<div id=\"\" class=\"brz-css-d-wrapper brz-css-1yxy241 brz-wrapper\">\n<div class=\"brz-rich-text brz-rich-text__custom brz-css-d-richtext brz-css-ba15dz\" data-brz-custom-id=\"qs171AZBPnDo\">\n<div data-brz-translate-text=\"1\">\n<p class=\"brz-tp-lg-paragraph,empty brz-css-fOA7B\" data-uniq-id=\"w7k1U\" data-generated-css=\"brz-css-e2_9d\"><span style=\"background-color: transparent\">Come\u00e7\u00e1mos o s\u00e1bado com a Divina Liturgia. Tent\u00e1mos celebrar de forma compreens\u00edvel para todos: em portugu\u00eas, romeno e ingl\u00eas.<\/span><\/p>\n<\/div>\n<\/div>\n<\/div>\n<div id=\"\" class=\"brz-css-d-wrapper brz-css-10fcqbf brz-wrapper\">\n<div class=\"brz-rich-text brz-rich-text__custom brz-css-d-richtext brz-css-58xxyi\" data-brz-custom-id=\"m_Z_Cd1D78pt\">\n<div data-brz-translate-text=\"1\">\n<p class=\"brz-tp-lg-paragraph,empty brz-css-lMrr4\" data-uniq-id=\"lSMf2\" data-generated-css=\"brz-css-s5l3j\"><span style=\"background-color: transparent\">Ao pequeno-almo\u00e7o, um lanche doce e saboroso: os c\u00e9lebres \u00abgogo\u0219i\u00bb.<\/span><\/p>\n<\/div>\n<\/div>\n<\/div>\n<div id=\"\" class=\"brz-css-d-wrapper brz-css-1iwjr32 brz-wrapper\">\n<div class=\"brz-rich-text brz-rich-text__custom brz-css-d-richtext brz-css-1ng4f5b\" data-brz-custom-id=\"q1g0ivxZAOp0\">\n<div data-brz-translate-text=\"1\">\n<p class=\"brz-tp-lg-paragraph,empty brz-css-jiSmO\" data-uniq-id=\"b8B55\" data-generated-css=\"brz-css-f4OEY\"><span style=\"background-color: transparent\">Depois, pass\u00e1mos algumas horas no olival, ajudando a limpar as oliveiras e amontoando os ramos. O tempo estava perfeito para tal tarefa. A paisagem verdejante, o ar puro e o trabalho f\u00edsico: tudo contribuiu para que o esfor\u00e7o fosse, na verdade, um descanso.<\/span><\/p>\n<\/div>\n<\/div>\n<\/div>\n<div id=\"\" class=\"brz-css-d-wrapper brz-css-1kn36z5 brz-wrapper\">\n<div class=\"brz-rich-text brz-rich-text__custom brz-css-d-richtext brz-css-6524xp\" data-brz-custom-id=\"fchpZupZCOhE\">\n<div data-brz-translate-text=\"1\">\n<p class=\"brz-tp-lg-paragraph,empty brz-css-dtPhg\" data-uniq-id=\"yl4fv\" data-generated-css=\"brz-css-iY2ec\"><span style=\"background-color: transparent\">\u00c0 noite, ap\u00f3s as V\u00e9speras em honra do Domingo da Santa Cruz, o padre Ioan tentou responder \u00e0s perguntas dos presentes sobre certos aspetos da vida espiritual.<\/span><\/p>\n<\/div>\n<\/div>\n<\/div>\n<div id=\"\" class=\"brz-css-d-wrapper brz-css-3xtakx brz-wrapper\">\n<div class=\"brz-rich-text brz-rich-text__custom brz-css-d-richtext brz-css-abtfz3\" data-brz-custom-id=\"siY1artRoxYL\">\n<div data-brz-translate-text=\"1\">\n<p class=\"brz-tp-lg-paragraph,empty brz-css-bmGXJ\" data-uniq-id=\"fMo6h\" data-generated-css=\"brz-css-fgkXZ\"><span style=\"background-color: transparent\">O domingo passou muito depressa. Logo de manh\u00e3, chegaram ao mosteiro fi\u00e9is de Portugal e Espanha.<\/span><\/p>\n<\/div>\n<\/div>\n<\/div>\n<div id=\"\" class=\"brz-css-d-wrapper brz-css-zbcz1n brz-wrapper\">\n<div class=\"brz-rich-text brz-rich-text__custom brz-css-d-richtext brz-css-mf1nwb\" data-brz-custom-id=\"tOGPDgTdgbse\">\n<div data-brz-translate-text=\"1\">\n<p class=\"brz-tp-lg-paragraph,empty brz-css-ac9t5\" data-generated-css=\"brz-css-ecGaA\" data-uniq-id=\"avjFD\"><span style=\"background-color: transparent\">Fic\u00e1mos agradavelmente impressionados com a forma bonita e pr\u00e1tica como as fam\u00edlias dos arredores se mobilizam para garantir o necess\u00e1rio para o almo\u00e7o de domingo.<\/span><\/p>\n<\/div>\n<\/div>\n<\/div>\n<div id=\"\" class=\"brz-css-d-wrapper brz-css-18ddoan brz-wrapper\">\n<div class=\"brz-rich-text brz-rich-text__custom brz-css-d-richtext brz-css-ihhj25\" data-brz-custom-id=\"kG7Nb9AYkYp8\">\n<div data-brz-translate-text=\"1\">\n<p class=\"brz-tp-lg-paragraph,empty brz-css-o4G51\" data-generated-css=\"brz-css-mg0LB\" data-uniq-id=\"ljaqd\"><span style=\"background-color: transparent\">\u00c9 maravilhoso ter um lugar onde nos possamos afastar da rotina di\u00e1ria. Haveria muito mais para contar, mas muitas vezes as palavras, por mais bonitas que sejam, n\u00e3o conseguem captar a realidade. Esperamos voltar l\u00e1 em breve.<\/span><\/p>\n<\/div>\n<\/div>\n<\/div>\n<div id=\"\" class=\"brz-css-d-wrapper brz-css-m2yda2 brz-wrapper\">\n<div class=\"brz-wp-shortcode brz-css-d-wpcustomshortcode brz-css-145rwr8\" data-brz-custom-id=\"qbcEVlwkRupD\">\n<div><div id=\"envira-gallery-wrap-1131\" class=\"envira-gallery-wrap envira-gallery-theme-base envira-lightbox-theme-base\" itemscope itemtype=\"https:\/\/schema.org\/ImageGallery\"><div data-row-height=\"150\" data-gallery-theme=\"normal\" id=\"envira-gallery-1131\" class=\"envira-gallery-public envira-gallery-justified-public envira-gallery-0-columns envira-clear enviratope envira-gallery-css-animations\" data-envira-columns=\"0\"><div id=\"envira-gallery-item-1137\" class=\"envira-gallery-item enviratope-item envira-gallery-item-1 envira-lazy-load\" style=\"padding-left: 5px; padding-bottom: 10px; padding-right: 5px;\"  itemscope itemtype=\"https:\/\/schema.org\/ImageObject\"><div class=\"envira-gallery-item-inner\"><div class=\"envira-gallery-position-overlay  envira-gallery-top-left\"><\/div><div class=\"envira-gallery-position-overlay  envira-gallery-top-right\"><\/div><div class=\"envira-gallery-position-overlay  envira-gallery-bottom-left\"><\/div><div class=\"envira-gallery-position-overlay  envira-gallery-bottom-right\"><\/div><a href=\"https:\/\/possp.pt\/wp-content\/uploads\/2026\/03\/m1.jpg\" class=\"envira-gallery-1131 envira-gallery-link\" rel=\"enviragallery1131\" title=\"m1\" data-envira-caption=\"m1\" data-envira-retina=\"\" data-thumbnail=\"\"  itemprop=\"contentUrl\"><img decoding=\"async\" id=\"envira-gallery-image-1137\" class=\"envira-gallery-image envira-gallery-image-1 envira-normal envira-lazy\" data-envira-index=\"1\" src=\"https:\/\/possp.pt\/wp-content\/uploads\/2026\/03\/m1.jpg\" data-envira-src=\"https:\/\/possp.pt\/wp-content\/uploads\/2026\/03\/m1.jpg\" data-envira-gallery-id=\"1131\" data-envira-item-id=\"1137\" data-envira-caption=\"m1\" alt=\"\" title=\"m1\"  itemprop=\"thumbnailUrl\" data-envira-srcset=\"https:\/\/possp.pt\/wp-content\/uploads\/2026\/03\/m1.jpg 400w,https:\/\/possp.pt\/wp-content\/uploads\/2026\/03\/m1.jpg 2x\" data-envira-width=\"300\" data-envira-height=\"225\" srcset=\"data:image\/gif;base64,R0lGODlhAQABAIAAAP\/\/\/\/\/\/\/yH5BAEKAAEALAAAAAABAAEAAAICTAEAOw==\" data-safe-src=\"data:image\/gif;base64,R0lGODlhAQABAIAAAP\/\/\/\/\/\/\/yH5BAEKAAEALAAAAAABAAEAAAICTAEAOw==\" \/><\/a><\/div><\/div><div id=\"envira-gallery-item-1136\" class=\"envira-gallery-item enviratope-item envira-gallery-item-2 envira-lazy-load\" style=\"padding-left: 5px; padding-bottom: 10px; padding-right: 5px;\"  itemscope itemtype=\"https:\/\/schema.org\/ImageObject\"><div class=\"envira-gallery-item-inner\"><div class=\"envira-gallery-position-overlay  envira-gallery-top-left\"><\/div><div class=\"envira-gallery-position-overlay  envira-gallery-top-right\"><\/div><div class=\"envira-gallery-position-overlay  envira-gallery-bottom-left\"><\/div><div class=\"envira-gallery-position-overlay  envira-gallery-bottom-right\"><\/div><a href=\"https:\/\/possp.pt\/wp-content\/uploads\/2026\/03\/m2.jpg\" class=\"envira-gallery-1131 envira-gallery-link\" rel=\"enviragallery1131\" title=\"m2\" data-envira-caption=\"m2\" data-envira-retina=\"\" data-thumbnail=\"\"  itemprop=\"contentUrl\"><img decoding=\"async\" id=\"envira-gallery-image-1136\" class=\"envira-gallery-image envira-gallery-image-2 envira-normal envira-lazy\" data-envira-index=\"2\" src=\"https:\/\/possp.pt\/wp-content\/uploads\/2026\/03\/m2.jpg\" data-envira-src=\"https:\/\/possp.pt\/wp-content\/uploads\/2026\/03\/m2.jpg\" data-envira-gallery-id=\"1131\" data-envira-item-id=\"1136\" data-envira-caption=\"m2\" alt=\"\" title=\"m2\"  itemprop=\"thumbnailUrl\" data-envira-srcset=\"https:\/\/possp.pt\/wp-content\/uploads\/2026\/03\/m2.jpg 400w,https:\/\/possp.pt\/wp-content\/uploads\/2026\/03\/m2.jpg 2x\" data-envira-width=\"300\" data-envira-height=\"225\" srcset=\"data:image\/gif;base64,R0lGODlhAQABAIAAAP\/\/\/\/\/\/\/yH5BAEKAAEALAAAAAABAAEAAAICTAEAOw==\" data-safe-src=\"data:image\/gif;base64,R0lGODlhAQABAIAAAP\/\/\/\/\/\/\/yH5BAEKAAEALAAAAAABAAEAAAICTAEAOw==\" \/><\/a><\/div><\/div><div id=\"envira-gallery-item-1135\" class=\"envira-gallery-item enviratope-item envira-gallery-item-3 envira-lazy-load\" style=\"padding-left: 5px; padding-bottom: 10px; padding-right: 5px;\"  itemscope itemtype=\"https:\/\/schema.org\/ImageObject\"><div class=\"envira-gallery-item-inner\"><div class=\"envira-gallery-position-overlay  envira-gallery-top-left\"><\/div><div class=\"envira-gallery-position-overlay  envira-gallery-top-right\"><\/div><div class=\"envira-gallery-position-overlay  envira-gallery-bottom-left\"><\/div><div class=\"envira-gallery-position-overlay  envira-gallery-bottom-right\"><\/div><a href=\"https:\/\/possp.pt\/wp-content\/uploads\/2026\/03\/m3.jpg\" class=\"envira-gallery-1131 envira-gallery-link\" rel=\"enviragallery1131\" title=\"m3\" data-envira-caption=\"m3\" data-envira-retina=\"\" data-thumbnail=\"\"  itemprop=\"contentUrl\"><img decoding=\"async\" id=\"envira-gallery-image-1135\" class=\"envira-gallery-image envira-gallery-image-3 envira-normal envira-lazy\" data-envira-index=\"3\" src=\"https:\/\/possp.pt\/wp-content\/uploads\/2026\/03\/m3.jpg\" data-envira-src=\"https:\/\/possp.pt\/wp-content\/uploads\/2026\/03\/m3.jpg\" data-envira-gallery-id=\"1131\" data-envira-item-id=\"1135\" data-envira-caption=\"m3\" alt=\"\" title=\"m3\"  itemprop=\"thumbnailUrl\" data-envira-srcset=\"https:\/\/possp.pt\/wp-content\/uploads\/2026\/03\/m3.jpg 400w,https:\/\/possp.pt\/wp-content\/uploads\/2026\/03\/m3.jpg 2x\" data-envira-width=\"225\" data-envira-height=\"300\" srcset=\"data:image\/gif;base64,R0lGODlhAQABAIAAAP\/\/\/\/\/\/\/yH5BAEKAAEALAAAAAABAAEAAAICTAEAOw==\" data-safe-src=\"data:image\/gif;base64,R0lGODlhAQABAIAAAP\/\/\/\/\/\/\/yH5BAEKAAEALAAAAAABAAEAAAICTAEAOw==\" \/><\/a><\/div><\/div><div id=\"envira-gallery-item-1134\" class=\"envira-gallery-item enviratope-item envira-gallery-item-4 envira-lazy-load\" style=\"padding-left: 5px; padding-bottom: 10px; padding-right: 5px;\"  itemscope itemtype=\"https:\/\/schema.org\/ImageObject\"><div class=\"envira-gallery-item-inner\"><div class=\"envira-gallery-position-overlay  envira-gallery-top-left\"><\/div><div class=\"envira-gallery-position-overlay  envira-gallery-top-right\"><\/div><div class=\"envira-gallery-position-overlay  envira-gallery-bottom-left\"><\/div><div class=\"envira-gallery-position-overlay  envira-gallery-bottom-right\"><\/div><a href=\"https:\/\/possp.pt\/wp-content\/uploads\/2026\/03\/m4.jpg\" class=\"envira-gallery-1131 envira-gallery-link\" rel=\"enviragallery1131\" title=\"m4\" data-envira-caption=\"m4\" data-envira-retina=\"\" data-thumbnail=\"\"  itemprop=\"contentUrl\"><img decoding=\"async\" id=\"envira-gallery-image-1134\" class=\"envira-gallery-image envira-gallery-image-4 envira-normal envira-lazy\" data-envira-index=\"4\" src=\"https:\/\/possp.pt\/wp-content\/uploads\/2026\/03\/m4.jpg\" data-envira-src=\"https:\/\/possp.pt\/wp-content\/uploads\/2026\/03\/m4.jpg\" data-envira-gallery-id=\"1131\" data-envira-item-id=\"1134\" data-envira-caption=\"m4\" alt=\"\" title=\"m4\"  itemprop=\"thumbnailUrl\" data-envira-srcset=\"https:\/\/possp.pt\/wp-content\/uploads\/2026\/03\/m4.jpg 400w,https:\/\/possp.pt\/wp-content\/uploads\/2026\/03\/m4.jpg 2x\" data-envira-width=\"225\" data-envira-height=\"300\" srcset=\"data:image\/gif;base64,R0lGODlhAQABAIAAAP\/\/\/\/\/\/\/yH5BAEKAAEALAAAAAABAAEAAAICTAEAOw==\" data-safe-src=\"data:image\/gif;base64,R0lGODlhAQABAIAAAP\/\/\/\/\/\/\/yH5BAEKAAEALAAAAAABAAEAAAICTAEAOw==\" \/><\/a><\/div><\/div><div id=\"envira-gallery-item-1133\" class=\"envira-gallery-item enviratope-item envira-gallery-item-5 envira-lazy-load\" style=\"padding-left: 5px; padding-bottom: 10px; padding-right: 5px;\"  itemscope itemtype=\"https:\/\/schema.org\/ImageObject\"><div class=\"envira-gallery-item-inner\"><div class=\"envira-gallery-position-overlay  envira-gallery-top-left\"><\/div><div class=\"envira-gallery-position-overlay  envira-gallery-top-right\"><\/div><div class=\"envira-gallery-position-overlay  envira-gallery-bottom-left\"><\/div><div class=\"envira-gallery-position-overlay  envira-gallery-bottom-right\"><\/div><a href=\"https:\/\/possp.pt\/wp-content\/uploads\/2026\/03\/m5.jpg\" class=\"envira-gallery-1131 envira-gallery-link\" rel=\"enviragallery1131\" title=\"m5\" data-envira-caption=\"m5\" data-envira-retina=\"\" data-thumbnail=\"\"  itemprop=\"contentUrl\"><img decoding=\"async\" id=\"envira-gallery-image-1133\" class=\"envira-gallery-image envira-gallery-image-5 envira-normal envira-lazy\" data-envira-index=\"5\" src=\"https:\/\/possp.pt\/wp-content\/uploads\/2026\/03\/m5.jpg\" data-envira-src=\"https:\/\/possp.pt\/wp-content\/uploads\/2026\/03\/m5.jpg\" data-envira-gallery-id=\"1131\" data-envira-item-id=\"1133\" data-envira-caption=\"m5\" alt=\"\" title=\"m5\"  itemprop=\"thumbnailUrl\" data-envira-srcset=\"https:\/\/possp.pt\/wp-content\/uploads\/2026\/03\/m5.jpg 400w,https:\/\/possp.pt\/wp-content\/uploads\/2026\/03\/m5.jpg 2x\" data-envira-width=\"300\" data-envira-height=\"225\" srcset=\"data:image\/gif;base64,R0lGODlhAQABAIAAAP\/\/\/\/\/\/\/yH5BAEKAAEALAAAAAABAAEAAAICTAEAOw==\" data-safe-src=\"data:image\/gif;base64,R0lGODlhAQABAIAAAP\/\/\/\/\/\/\/yH5BAEKAAEALAAAAAABAAEAAAICTAEAOw==\" \/><\/a><\/div><\/div><div id=\"envira-gallery-item-1132\" class=\"envira-gallery-item enviratope-item envira-gallery-item-6 envira-lazy-load\" style=\"padding-left: 5px; padding-bottom: 10px; padding-right: 5px;\"  itemscope itemtype=\"https:\/\/schema.org\/ImageObject\"><div class=\"envira-gallery-item-inner\"><div class=\"envira-gallery-position-overlay  envira-gallery-top-left\"><\/div><div class=\"envira-gallery-position-overlay  envira-gallery-top-right\"><\/div><div class=\"envira-gallery-position-overlay  envira-gallery-bottom-left\"><\/div><div class=\"envira-gallery-position-overlay  envira-gallery-bottom-right\"><\/div><a href=\"https:\/\/possp.pt\/wp-content\/uploads\/2026\/03\/m6.jpg\" class=\"envira-gallery-1131 envira-gallery-link\" rel=\"enviragallery1131\" title=\"m6\" data-envira-caption=\"m6\" data-envira-retina=\"\" data-thumbnail=\"\"  itemprop=\"contentUrl\"><img decoding=\"async\" id=\"envira-gallery-image-1132\" class=\"envira-gallery-image envira-gallery-image-6 envira-normal envira-lazy\" data-envira-index=\"6\" src=\"https:\/\/possp.pt\/wp-content\/uploads\/2026\/03\/m6.jpg\" data-envira-src=\"https:\/\/possp.pt\/wp-content\/uploads\/2026\/03\/m6.jpg\" data-envira-gallery-id=\"1131\" data-envira-item-id=\"1132\" data-envira-caption=\"m6\" alt=\"\" title=\"m6\"  itemprop=\"thumbnailUrl\" data-envira-srcset=\"https:\/\/possp.pt\/wp-content\/uploads\/2026\/03\/m6.jpg 400w,https:\/\/possp.pt\/wp-content\/uploads\/2026\/03\/m6.jpg 2x\" data-envira-width=\"225\" data-envira-height=\"300\" srcset=\"data:image\/gif;base64,R0lGODlhAQABAIAAAP\/\/\/\/\/\/\/yH5BAEKAAEALAAAAAABAAEAAAICTAEAOw==\" data-safe-src=\"data:image\/gif;base64,R0lGODlhAQABAIAAAP\/\/\/\/\/\/\/yH5BAEKAAEALAAAAAABAAEAAAICTAEAOw==\" \/><\/a><\/div><\/div><\/div><\/div><noscript><img decoding=\"async\" src=\"https:\/\/possp.pt\/wp-content\/uploads\/2026\/03\/m1.jpg\" alt=\"\" \/><img decoding=\"async\" src=\"https:\/\/possp.pt\/wp-content\/uploads\/2026\/03\/m2.jpg\" alt=\"\" \/><img decoding=\"async\" src=\"https:\/\/possp.pt\/wp-content\/uploads\/2026\/03\/m3.jpg\" alt=\"\" \/><img decoding=\"async\" src=\"https:\/\/possp.pt\/wp-content\/uploads\/2026\/03\/m4.jpg\" alt=\"\" \/><img decoding=\"async\" src=\"https:\/\/possp.pt\/wp-content\/uploads\/2026\/03\/m5.jpg\" alt=\"\" \/><img decoding=\"async\" src=\"https:\/\/possp.pt\/wp-content\/uploads\/2026\/03\/m6.jpg\" alt=\"\" \/><\/noscript><\/div>\n<\/div>\n<\/div>\n<div id=\"\" class=\"brz-css-d-wrapper brz-css-r-wrapper brz-css-62r2x8 brz-wrapper\">\n<div class=\"brz-spacer brz-css-d-spacer brz-css-1fg7wv7\"><\/div>\n<\/div>\n<\/div>\n<\/div>\n<\/section><\/div>\n<p><!-- version:1774612992 --><\/p>","protected":false},"excerpt":{"rendered":"<p>Weekend la m\u0103n\u0103stire, martie 2026 \u00cenc\u0103 un weekend de care ne vom aminti cu drag. De data aceasta, am petrecut acolo sf\u00e2r\u0219itul de s\u0103pt\u0103m\u00e2n\u0103 de la jum\u0103tatea Postului Mare. Vineri seara, de \u00eendat\u0103 ce am ajuns, am luat cina \u00een trapeza m\u0103n\u0103stirii. Fiind \u0219i persoane noi, a fost un timp \u00een care am putut s\u0103 [&hellip;]<\/p>\n","protected":false},"author":1,"featured_media":0,"parent":0,"menu_order":0,"comment_status":"closed","ping_status":"closed","template":"","meta":{"footnotes":""},"class_list":["post-1126","page","type-page","status-publish","hentry"],"blocksy_meta":[],"brizy_media":[],"_links":{"self":[{"href":"https:\/\/possp.pt\/pt\/wp-json\/wp\/v2\/pages\/1126","targetHints":{"allow":["GET"]}}],"collection":[{"href":"https:\/\/possp.pt\/pt\/wp-json\/wp\/v2\/pages"}],"about":[{"href":"https:\/\/possp.pt\/pt\/wp-json\/wp\/v2\/types\/page"}],"author":[{"embeddable":true,"href":"https:\/\/possp.pt\/pt\/wp-json\/wp\/v2\/users\/1"}],"replies":[{"embeddable":true,"href":"https:\/\/possp.pt\/pt\/wp-json\/wp\/v2\/comments?post=1126"}],"version-history":[{"count":4,"href":"https:\/\/possp.pt\/pt\/wp-json\/wp\/v2\/pages\/1126\/revisions"}],"predecessor-version":[{"id":1139,"href":"https:\/\/possp.pt\/pt\/wp-json\/wp\/v2\/pages\/1126\/revisions\/1139"}],"wp:attachment":[{"href":"https:\/\/possp.pt\/pt\/wp-json\/wp\/v2\/media?parent=1126"}],"curies":[{"name":"wp","href":"https:\/\/api.w.org\/{rel}","templated":true}]}}