{"id":284,"date":"2024-10-07T15:53:41","date_gmt":"2024-10-07T15:53:41","guid":{"rendered":"https:\/\/possp.pt\/?page_id=284"},"modified":"2026-04-07T02:42:34","modified_gmt":"2026-04-07T02:42:34","slug":"contact","status":"publish","type":"page","link":"https:\/\/possp.pt\/pt\/contact\/","title":{"rendered":"Contacto"},"content":{"rendered":"<div class=\"brz-root__container brz-reset-all brz brz-root__container-page\">\n<section id=\"4c052609947d0800eb74_bF2WKS4QCLuI\" class=\"brz-section brz-css-1het71o\">\n<div class=\"brz-section__content brz-section--boxed brz-css-qc5z6k\" data-brz-custom-id=\"oCUk7JJKVm8B\">\n<div class=\"brz-container brz-css-1fehlwf\">\n<div id=\"\" class=\"brz-css-140ybqe brz-wrapper\">\n<div class=\"brz-rich-text brz-rich-text__custom brz-css-b8nn2j\" data-brz-custom-id=\"llF4yW1tHmWm\">\n<div data-brz-translate-text=\"1\">\n<h1 class=\"brz-tp-lg-heading1 brz-text-lg-center brz-css-jyniK\" data-uniq-id=\"rA7Fx\" data-generated-css=\"brz-css-cietQ\"><span>Contacto<\/span><\/h1>\n<\/div>\n<\/div>\n<\/div>\n<div id=\"\" class=\"brz-css-140ybqe brz-wrapper\">\n<div class=\"brz-rich-text brz-rich-text__custom brz-css-b8nn2j\" data-brz-custom-id=\"m5K0M8PQxSqV\">\n<div data-brz-translate-text=\"1\">\n<p class=\"brz-text-lg-center brz-tp-lg-empty brz-ff-playfair_display brz-ft-google brz-fs-lg-30 brz-fss-lg-px brz-fw-lg-400 brz-ls-lg-0 brz-lh-lg-1_3 brz-vfw-lg-400 brz-fwdth-lg-100 brz-fsft-lg-0 brz-css-qcyot\" data-generated-css=\"brz-css-mZS8E\" data-uniq-id=\"yUUdf\"><\/p>\n<\/div>\n<\/div>\n<\/div>\n<div id=\"\" class=\"brz-css-140ybqe brz-wrapper\">\n<div class=\"brz-rich-text brz-rich-text__custom brz-css-b8nn2j\" data-brz-custom-id=\"dQ1Krn1HA5c2\">\n<div data-brz-translate-text=\"1\">\n<p data-generated-css=\"brz-css-jcnOW\" data-uniq-id=\"fK9LD\" class=\"brz-tp-lg-empty brz-ff-playfair_display brz-ft-google brz-fs-lg-24 brz-fss-lg-px brz-fw-lg-400 brz-ls-lg-0 brz-lh-lg-1_3 brz-vfw-lg-400 brz-fwdth-lg-100 brz-fsft-lg-0 brz-text-lg-center brz-css-jOrCH\">Sendo a nossa comunidade mista, na igreja pode encontrar pessoas que falam <\/p>\n<p data-generated-css=\"brz-css-jcnOW\" data-uniq-id=\"fK9LD\" class=\"brz-tp-lg-empty brz-ff-playfair_display brz-ft-google brz-fs-lg-24 brz-fss-lg-px brz-fw-lg-400 brz-ls-lg-0 brz-lh-lg-1_3 brz-vfw-lg-400 brz-fwdth-lg-100 brz-fsft-lg-0 brz-text-lg-center brz-css-qBBxp\">portugu\u00eas, romeno, ingl\u00eas, grego, alem\u00e3o e holand\u00eas.<\/p>\n<p data-generated-css=\"brz-css-oL2Y1\" data-uniq-id=\"aJF2H\" class=\"brz-tp-lg-empty brz-ff-playfair_display brz-ft-google brz-fs-lg-24 brz-fss-lg-px brz-fw-lg-400 brz-ls-lg-0 brz-lh-lg-1_3 brz-vfw-lg-400 brz-fwdth-lg-100 brz-fsft-lg-0 brz-text-lg-right brz-css-qeFee\"><\/p>\n<p data-generated-css=\"brz-css-iy251\" data-uniq-id=\"kZx2c\" class=\"brz-tp-lg-empty brz-ff-playfair_display brz-ft-google brz-fs-lg-24 brz-fss-lg-px brz-fw-lg-400 brz-ls-lg-0 brz-lh-lg-1_3 brz-vfw-lg-400 brz-fwdth-lg-100 brz-fsft-lg-0 brz-text-lg-center brz-css-bVdvV\">As confiss\u00f5es \/ conversas com o padre podem ser em romeno ou ingl\u00eas.<\/p>\n<p class=\"brz-tp-lg-empty brz-ff-playfair_display brz-ft-google brz-fs-lg-30 brz-fss-lg-px brz-fw-lg-400 brz-ls-lg-0 brz-lh-lg-1_3 brz-vfw-lg-400 brz-fwdth-lg-100 brz-fsft-lg-0 brz-text-lg-right brz-css-pQ1yV\" data-generated-css=\"brz-css-ahvWy\" data-uniq-id=\"e_QCo\"><\/p>\n<\/div>\n<\/div>\n<\/div>\n<div id=\"\" class=\"brz-css-140ybqe brz-css-1xqdxyg brz-wrapper\">\n<div class=\"brz-rich-text brz-rich-text__custom brz-css-b8nn2j\" data-brz-custom-id=\"lkVOxuZXNz_o\">\n<div data-brz-translate-text=\"1\">\n<p class=\"brz-fsft-lg-0 brz-fwdth-lg-100 brz-vfw-lg-400 brz-lh-lg-1_3 brz-ls-lg-0 brz-fw-lg-400 brz-fss-lg-px brz-fs-lg-30 brz-ft-google brz-ff-playfair_display brz-tp-lg-empty brz-text-lg-center brz-css-g0u2r\" data-uniq-id=\"xKaXc\" data-generated-css=\"brz-css-ehqTD\"><\/p>\n<p class=\"brz-fsft-lg-0 brz-fwdth-lg-100 brz-vfw-lg-400 brz-lh-lg-1_3 brz-ls-lg-0 brz-fw-lg-400 brz-fss-lg-px brz-fs-lg-30 brz-ft-google brz-ff-playfair_display brz-tp-lg-empty brz-text-lg-center brz-css-aWB2b\" data-uniq-id=\"jpt2n\" data-generated-css=\"brz-css-ggzUE\"><span> <\/span><\/p>\n<\/div>\n<\/div>\n<\/div>\n<div class=\"brz-row__container brz-css-10sz7g2\" data-brz-custom-id=\"nhfg4f845nsc\">\n<div class=\"brz-bg\"><\/div>\n<div class=\"brz-row brz-css-445404 brz-css-18rr2w0\">\n<div class=\"brz-columns brz-css-6shprq\" data-brz-custom-id=\"eSJz5hj2MbA5\">\n<div class=\"brz-bg\"><\/div>\n<div class=\"brz-column__items brz-css-hwj3y2\">\n<div class=\"brz-wrapper-clone brz-css-1y75k59\">\n<div class=\"brz-d-xs-flex brz-flex-xs-wrap brz-css-bpgdj1\" data-brz-custom-id=\"\">\n<div class=\"brz-wrapper-clone__item\" id=\"gx9bXVSPHxMM\">\n<div class=\"brz-icon__container\" data-brz-custom-id=\"gx9bXVSPHxMM\"><span class=\"brz-icon brz-span brz-css-192m9in brz-css-1cc2qpt\"><\/span><\/div>\n<\/div>\n<\/div>\n<\/div>\n<div id=\"\" class=\"brz-css-140ybqe brz-wrapper\">\n<div class=\"brz-rich-text brz-rich-text__custom brz-css-b8nn2j\" data-brz-custom-id=\"wt9HfWFvo7e8\">\n<div data-brz-translate-text=\"1\">\n<p class=\"brz-tp-lg-paragraph brz-text-lg-center brz-css-wA54v\" data-generated-css=\"brz-css-aSlCB\" data-uniq-id=\"yZbw3\"><a class=\"link--external\" href=\"tel:+40748985237\" data-brz-link-type=\"external\" target=\"_blank\">contact<\/a><a class=\"brz-pre-population-visible link--external\" href=\"mailto:contact@possp.pt\" data-brz-link-type=\"external\" target=\"_blank\">@possp.pt<\/a><\/p>\n<\/div>\n<\/div>\n<\/div>\n<\/div>\n<\/div>\n<div class=\"brz-columns brz-css-6shprq\" data-brz-custom-id=\"zJrRtWcWNsHk\">\n<div class=\"brz-bg\"><\/div>\n<div class=\"brz-column__items brz-css-hwj3y2\">\n<div class=\"brz-wrapper-clone brz-css-1y75k59\">\n<div class=\"brz-d-xs-flex brz-flex-xs-wrap brz-css-bpgdj1\" data-brz-custom-id=\"\">\n<div class=\"brz-wrapper-clone__item\" id=\"oJNY2qnfC0_b\">\n<div class=\"brz-icon__container\" data-brz-custom-id=\"oJNY2qnfC0_b\"><span class=\"brz-icon brz-span brz-css-192m9in brz-css-1dxtono\"><\/span><\/div>\n<\/div>\n<\/div>\n<\/div>\n<div id=\"\" class=\"brz-css-140ybqe brz-wrapper\">\n<div class=\"brz-rich-text brz-rich-text__custom brz-css-b8nn2j\" data-brz-custom-id=\"jrz6mrGx7G7M\">\n<div data-brz-translate-text=\"1\">\n<p class=\"brz-tp-lg-paragraph brz-text-lg-center brz-css-bp8Bm\" data-generated-css=\"brz-css-aSlCB\" data-uniq-id=\"yZbw3\"><a class=\"link--external\" href=\"tel:+40748985237\" data-brz-link-type=\"external\" target=\"_blank\">+40 748 985 237<\/a><\/p>\n<\/div>\n<\/div>\n<\/div>\n<div id=\"\" class=\"brz-css-140ybqe brz-wrapper\">\n<div class=\"brz-rich-text brz-rich-text__custom brz-css-b8nn2j\" data-brz-custom-id=\"acqn6AfFi3D1\">\n<div data-brz-translate-text=\"1\">\n<p class=\"brz-tp-lg-paragraph brz-text-lg-center brz-css-y6mi0\" data-generated-css=\"brz-css-pnXi6\" data-uniq-id=\"tCt6c\"><a class=\"link--external\" href=\"tel:+351910628615\" data-brz-link-type=\"external\" target=\"_blank\">+351 910 628 615<\/a><\/p>\n<\/div>\n<\/div>\n<\/div>\n<\/div>\n<\/div>\n<\/div>\n<\/div>\n<div id=\"\" class=\"brz-css-140ybqe brz-css-1rw0v0n brz-wrapper\">\n<div class=\"brz-spacer brz-css-1fqljjy brz-css-13fejdr\"><\/div>\n<\/div>\n<div id=\"\" class=\"brz-css-140ybqe brz-css-1rw0v0n brz-wrapper\">\n<div class=\"brz-spacer brz-css-1fqljjy brz-css-hmagsz\"><\/div>\n<\/div>\n<\/div>\n<\/div>\n<\/section>\n<\/div>\n<p>    <!-- version:1740665352 --><\/p>","protected":false},"excerpt":{"rendered":"<p>Contact Fiind o comunitate ortodox\u0103 mixt\u0103, \u00een biserica noastr\u0103 pute\u021bi g\u0103si persoane care vorbesc rom\u00e2n\u0103, portughez\u0103, englez\u0103, greac\u0103, german\u0103, olandez\u0103. Spovedaniile \/ discu\u021biile cu p\u0103rintele pot fi \u00een rom\u00e2n\u0103 sau englez\u0103. contact@possp.pt +40 748 985 237 +351 910 628 615<\/p>","protected":false},"author":1,"featured_media":0,"parent":0,"menu_order":0,"comment_status":"closed","ping_status":"closed","template":"","meta":{"footnotes":""},"class_list":["post-284","page","type-page","status-publish","hentry"],"blocksy_meta":{"has_hero_section":"disabled","vertical_spacing_source":"custom","content_area_spacing":"none","styles_descriptor":{"styles":{"desktop":"","tablet":"","mobile":""},"google_fonts":[],"version":6}},"brizy_media":[],"_links":{"self":[{"href":"https:\/\/possp.pt\/pt\/wp-json\/wp\/v2\/pages\/284","targetHints":{"allow":["GET"]}}],"collection":[{"href":"https:\/\/possp.pt\/pt\/wp-json\/wp\/v2\/pages"}],"about":[{"href":"https:\/\/possp.pt\/pt\/wp-json\/wp\/v2\/types\/page"}],"author":[{"embeddable":true,"href":"https:\/\/possp.pt\/pt\/wp-json\/wp\/v2\/users\/1"}],"replies":[{"embeddable":true,"href":"https:\/\/possp.pt\/pt\/wp-json\/wp\/v2\/comments?post=284"}],"version-history":[{"count":19,"href":"https:\/\/possp.pt\/pt\/wp-json\/wp\/v2\/pages\/284\/revisions"}],"predecessor-version":[{"id":638,"href":"https:\/\/possp.pt\/pt\/wp-json\/wp\/v2\/pages\/284\/revisions\/638"}],"wp:attachment":[{"href":"https:\/\/possp.pt\/pt\/wp-json\/wp\/v2\/media?parent=284"}],"curies":[{"name":"wp","href":"https:\/\/api.w.org\/{rel}","templated":true}]}}