{"id":603,"date":"2025-02-21T09:46:49","date_gmt":"2025-02-21T09:46:49","guid":{"rendered":"https:\/\/possp.pt\/?page_id=603"},"modified":"2026-04-07T02:49:45","modified_gmt":"2026-04-07T02:49:45","slug":"donatii","status":"publish","type":"page","link":"https:\/\/possp.pt\/pt\/donatii\/","title":{"rendered":"Doa\u00e7\u00f5es"},"content":{"rendered":"<div class=\"brz-root__container brz-reset-all brz brz-root__container-page\">\n<section id=\"32e59a47edf24aedba4d_t1QXxJ6lCuj8\" class=\"brz-section brz-css-lxjarj\">\n<div class=\"brz-section__content brz-section--boxed brz-css-wud3jt\" data-brz-custom-id=\"pL9wuWOUMni6\">\n<div class=\"brz-container brz-css-1as7tjx\">\n<div id=\"\" class=\"brz-css-j0h0cm brz-wrapper\">\n<div class=\"brz-rich-text brz-rich-text__custom brz-css-1fx26rs\" data-brz-custom-id=\"cW5uCUAEANXP\">\n<div data-brz-translate-text=\"1\">\n<h1 data-uniq-id=\"kaG__\" data-generated-css=\"brz-css-uwA33\" class=\"brz-tp-lg-heading1 brz-text-lg-center brz-css-q1O05\"><span>Doa\u00e7\u00f5es<\/span><\/h1>\n<\/div>\n<\/div>\n<\/div>\n<div id=\"\" class=\"brz-css-j0h0cm brz-wrapper\">\n<div class=\"brz-rich-text brz-rich-text__custom brz-css-1fx26rs\" data-brz-custom-id=\"awfEzmFhSXMI\">\n<div data-brz-translate-text=\"1\">\n<p class=\"brz-tp-lg-paragraph brz-text-lg-center brz-css-nHaQd\" data-generated-css=\"brz-css-nk4pn\" data-uniq-id=\"zo8PA\"><span>Agradecemos toda e qualquer ajuda financeira que nos possa dar, o que nos honra de o mencionar com gratid\u00e3o entre os nossos benfeitores.<\/span><\/p>\n<p class=\"brz-tp-lg-paragraph brz-text-lg-center brz-css-mWFJX\" data-generated-css=\"brz-css-paK5A\" data-uniq-id=\"qbpaF\"><span> Assim, a nossa par\u00f3quia pode continuar e refor\u00e7ar o seu servi\u00e7o.<\/span><\/p>\n<p class=\"brz-tp-lg-paragraph brz-text-lg-center brz-css-zJfbG\" data-generated-css=\"brz-css-mB61D\" data-uniq-id=\"coPhq\"><span>Para mais informa\u00e7\u00f5es, por favor contacte-nos por e-mail: <\/span><\/p>\n<p class=\"brz-fs-lg-18 brz-ft-google brz-ff-playfair_display brz-tp-lg-empty brz-fsft-lg-0 brz-fwdth-lg-100 brz-vfw-lg-400 brz-lh-lg-1_9 brz-ls-lg-0 brz-fw-lg-700 brz-fss-lg-px brz-text-lg-center brz-css-wempJ\" data-generated-css=\"brz-css-uYQCs\" data-uniq-id=\"ra26g\"><span class=\"brz-cp-color7\">contact<\/span><span class=\"brz-cp-color7 brz-pre-population-visible\">@possp.pt<\/span><span class=\"brz-cp-color7\"> <\/span><\/p>\n<p class=\"brz-tp-lg-paragraph brz-text-lg-center brz-css-svFoR\" data-generated-css=\"brz-css-gIwXF\" data-uniq-id=\"wURxP\"><\/p>\n<p class=\"brz-tp-lg-paragraph brz-text-lg-center brz-css-qmfdz\" data-generated-css=\"brz-css-w8wpk\" data-uniq-id=\"dv90T\"><span>Que Deus vos aben\u00e7oe!<\/span><\/p>\n<\/div>\n<\/div>\n<\/div>\n<\/div>\n<\/div>\n<\/section>\n<\/div>\n<p>    <!-- version:1740675512 --><\/p>","protected":false},"excerpt":{"rendered":"<p>Dona\u021bii V\u0103 suntem recunosc\u0103tori pentru orice fel de ajutor financiar ne pute\u021bi acorda, \u00eendator\u00e2ndu-ne astfel s\u0103 v\u0103 pomenim cu recuno\u0219tin\u021b\u0103 \u00een r\u00e2ndul binef\u0103c\u0103torilor no\u0219tri. Astfel, parohia noastr\u0103 \u00ee\u0219i poate continua \u0219i \u00eent\u0103ri lucrarea. Pentru mai multe detalii, v\u0103 rug\u0103m s\u0103 ne contacta\u021bi la adresa de mail: contact@possp.pt Domnul s\u0103 r\u0103spl\u0103teasc\u0103!<\/p>","protected":false},"author":1,"featured_media":0,"parent":0,"menu_order":0,"comment_status":"closed","ping_status":"closed","template":"","meta":{"footnotes":""},"class_list":["post-603","page","type-page","status-publish","hentry"],"blocksy_meta":{"has_hero_section":"disabled","vertical_spacing_source":"custom","content_area_spacing":"none","styles_descriptor":{"styles":{"desktop":"","tablet":"","mobile":""},"google_fonts":[],"version":6}},"brizy_media":[],"_links":{"self":[{"href":"https:\/\/possp.pt\/pt\/wp-json\/wp\/v2\/pages\/603","targetHints":{"allow":["GET"]}}],"collection":[{"href":"https:\/\/possp.pt\/pt\/wp-json\/wp\/v2\/pages"}],"about":[{"href":"https:\/\/possp.pt\/pt\/wp-json\/wp\/v2\/types\/page"}],"author":[{"embeddable":true,"href":"https:\/\/possp.pt\/pt\/wp-json\/wp\/v2\/users\/1"}],"replies":[{"embeddable":true,"href":"https:\/\/possp.pt\/pt\/wp-json\/wp\/v2\/comments?post=603"}],"version-history":[{"count":5,"href":"https:\/\/possp.pt\/pt\/wp-json\/wp\/v2\/pages\/603\/revisions"}],"predecessor-version":[{"id":640,"href":"https:\/\/possp.pt\/pt\/wp-json\/wp\/v2\/pages\/603\/revisions\/640"}],"wp:attachment":[{"href":"https:\/\/possp.pt\/pt\/wp-json\/wp\/v2\/media?parent=603"}],"curies":[{"name":"wp","href":"https:\/\/api.w.org\/{rel}","templated":true}]}}