{"id":735,"date":"2025-05-06T16:02:11","date_gmt":"2025-05-06T16:02:11","guid":{"rendered":"https:\/\/possp.pt\/?page_id=735"},"modified":"2026-04-07T02:49:42","modified_gmt":"2026-04-07T02:49:42","slug":"priveghere","status":"publish","type":"page","link":"https:\/\/possp.pt\/pt\/priveghere\/","title":{"rendered":"Vig\u00edlia"},"content":{"rendered":"<div class=\"brz-root__container brz-reset-all brz brz-root__container-page\">\n<section id=\"59270034f57b4153f07e_bWazg0olW2A4\" class=\"brz-section brz-css-13mc5px\">\n<div class=\"brz-section__content brz-section--boxed brz-css-1wpdtuz\" data-brz-custom-id=\"gcOYgnH1ghkY\">\n<div class=\"brz-container brz-css-5svua0\">\n<div id=\"\" class=\"brz-css-kyobtk brz-wrapper\">\n<div class=\"brz-rich-text brz-rich-text__custom brz-css-1t2ipl3\" data-brz-custom-id=\"geF1bm9uR8ak\">\n<div data-brz-translate-text=\"1\">\n<h1 class=\"brz-tp-lg-heading1 ql-align-center brz-css-fisHJ\" data-uniq-id=\"yhqqM\" data-generated-css=\"brz-css-wrVWY\"><span>Vig\u00edlia<\/span><\/h1>\n<\/div>\n<\/div>\n<\/div>\n<div id=\"\" class=\"brz-css-kyobtk brz-wrapper\">\n<div class=\"brz-rich-text brz-rich-text__custom brz-css-1t2ipl3\" data-brz-custom-id=\"xVxHlSZgmxPk\">\n<div data-brz-translate-text=\"1\">\n<p class=\"brz-text-lg-justify brz-ff-open_sans brz-ft-google brz-fs-lg-16 brz-fss-lg-px brz-fw-lg-400 brz-ls-lg-0 brz-lh-lg-1_9 brz-vfw-lg-400 brz-fwdth-lg-100 brz-fsft-lg-0 brz-tp-lg-paragraph brz-css-pHxw2\" data-generated-css=\"brz-css-vaTBz\" data-uniq-id=\"gq7fT\"><span>Privegherea se desf\u0103\u0219oar\u0103 in fiecare vineri intre 22:00 &#8211; 6:00. Fiecare se poate trece pentru un interval, dup\u0103 posibilit\u0103\u021bi. Recomand\u0103m c\u00e2te o or\u0103; persoanele cu un program mai aglomerat &#8211; 30 de minute.<\/span><\/p>\n<\/div>\n<\/div>\n<\/div>\n<div id=\"\" class=\"brz-css-kyobtk brz-wrapper\">\n<div class=\"brz-rich-text brz-rich-text__custom brz-css-1t2ipl3\" data-brz-custom-id=\"c66FNkBTs16l\">\n<div data-brz-translate-text=\"1\">\n<p class=\"brz-text-lg-justify brz-ff-open_sans brz-ft-google brz-fs-lg-16 brz-fss-lg-px brz-fw-lg-400 brz-ls-lg-0 brz-lh-lg-1_9 brz-vfw-lg-400 brz-fwdth-lg-100 brz-fsft-lg-0 brz-tp-lg-paragraph brz-css-n_d5g\" data-generated-css=\"brz-css-ocLUp\" data-uniq-id=\"zKJZZ\"><span>Outras recomenda\u00e7\u00f5es que temos visto em par\u00f3quias que t\u00eam esta pr\u00e1tica h\u00e1 v\u00e1rios anos:<\/span><\/p>\n<\/div>\n<\/div>\n<\/div>\n<div id=\"\" class=\"brz-css-kyobtk brz-wrapper\">\n<div class=\"brz-rich-text brz-rich-text__custom brz-css-1t2ipl3\" data-brz-custom-id=\"t7z0EmAorxiT\">\n<div data-brz-translate-text=\"1\">\n<ol>\n<li class=\"brz-text-lg-justify brz-ff-open_sans brz-ft-google brz-fs-lg-16 brz-fss-lg-px brz-fw-lg-400 brz-ls-lg-0 brz-lh-lg-1_9 brz-vfw-lg-400 brz-fwdth-lg-100 brz-fsft-lg-0 brz-tp-lg-paragraph brz-css-zZPsK\" data-generated-css=\"brz-css-tRbCZ\" data-uniq-id=\"zNsmc\"><span>Para seguirmos as palavras  do Senhor \u201cque todos sejam um\u201d, propomos que cada um comece com a ora\u00e7\u00e3o de uni\u00e3o de S\u00e3o Sofr\u00f3nio  (dispon\u00edvel aqui:<\/span><a class=\"link--external\" href=\"https:\/\/doxologia.ro\/rugaciunea-arhimandritului-sofronie-saharov-pentru-unire\" data-brz-link-type=\"external\" target=\"_blank\" rel=\"noopener\">ttps:\/\/doxologia.ro\/rugaciunea-arhimandritului-sofronie-saharov-pentru-unire<\/a><span> ) acompanhada de uma lista com nome dos participantes (a serem comemorados na ora\u00e7\u00e3o de cada um);<\/span><\/li>\n<li class=\"brz-text-lg-justify brz-ff-open_sans brz-ft-google brz-fs-lg-16 brz-fss-lg-px brz-fw-lg-400 brz-ls-lg-0 brz-lh-lg-1_9 brz-vfw-lg-400 brz-fwdth-lg-100 brz-fsft-lg-0 brz-tp-lg-paragraph brz-css-gFLqV\" data-generated-css=\"brz-css-zcHBu\" data-uniq-id=\"r2ARk\"><span>Depois disto, cada um pode rezar como est\u00e1 mais habituado (salt\u00e9rio, hinos acatistos, paracl\u00e9ticos, ora\u00e7\u00e3o do cora\u00e7\u00e3o, etc.);<\/span><\/li>\n<li class=\"brz-text-lg-justify brz-ff-open_sans brz-ft-google brz-fs-lg-16 brz-fss-lg-px brz-fw-lg-400 brz-ls-lg-0 brz-lh-lg-1_9 brz-vfw-lg-400 brz-fwdth-lg-100 brz-fsft-lg-0 brz-tp-lg-paragraph brz-css-seZ1n\" data-generated-css=\"brz-css-x_33I\" data-uniq-id=\"x2qA4\"><span>Propomos tamb\u00e9m que se mantenha o anonimato dos participantes (substituindo os nomes por n\u00fameros). Isto evita tenta\u00e7\u00f5es e julgamentos de todo o g\u00e9nero. Para receber um n\u00famero, \u00e9 favor contactar-nos em: <\/span><a class=\"link--external\" href=\"mailto:contact@possp.pt\" data-brz-link-type=\"external\" target=\"_blank\">contact@possp.pt<\/a><\/li>\n<\/ol>\n<\/div>\n<\/div>\n<\/div>\n<\/div>\n<\/div>\n<\/section>\n<\/div>\n<p>    <!-- version:1746631473 --><\/p>","protected":false},"excerpt":{"rendered":"<p>Priveghere Privegherea se desf\u0103\u0219oar\u0103 in fiecare vineri intre 22:00 &#8211; 6:00. Fiecare se poate trece pentru un interval, dup\u0103 posibilit\u0103\u021bi. Recomand\u0103m c\u00e2te o or\u0103; persoanele cu un program mai aglomerat &#8211; 30 de minute. Alte recomand\u0103ri pe care le-am v\u0103zut \u00een parohiile care au aceast\u0103 r\u00e2nduial\u0103 de mai mul\u021bi ani. Pentru a urma g\u00e2ndul Domnului [&hellip;]<\/p>\n","protected":false},"author":1,"featured_media":0,"parent":0,"menu_order":0,"comment_status":"closed","ping_status":"closed","template":"","meta":{"footnotes":""},"class_list":["post-735","page","type-page","status-publish","hentry"],"blocksy_meta":{"has_hero_section":"disabled","vertical_spacing_source":"custom","content_area_spacing":"none","styles_descriptor":{"styles":{"desktop":"","tablet":"","mobile":""},"google_fonts":[],"version":6}},"brizy_media":[],"_links":{"self":[{"href":"https:\/\/possp.pt\/pt\/wp-json\/wp\/v2\/pages\/735","targetHints":{"allow":["GET"]}}],"collection":[{"href":"https:\/\/possp.pt\/pt\/wp-json\/wp\/v2\/pages"}],"about":[{"href":"https:\/\/possp.pt\/pt\/wp-json\/wp\/v2\/types\/page"}],"author":[{"embeddable":true,"href":"https:\/\/possp.pt\/pt\/wp-json\/wp\/v2\/users\/1"}],"replies":[{"embeddable":true,"href":"https:\/\/possp.pt\/pt\/wp-json\/wp\/v2\/comments?post=735"}],"version-history":[{"count":8,"href":"https:\/\/possp.pt\/pt\/wp-json\/wp\/v2\/pages\/735\/revisions"}],"predecessor-version":[{"id":759,"href":"https:\/\/possp.pt\/pt\/wp-json\/wp\/v2\/pages\/735\/revisions\/759"}],"wp:attachment":[{"href":"https:\/\/possp.pt\/pt\/wp-json\/wp\/v2\/media?parent=735"}],"curies":[{"name":"wp","href":"https:\/\/api.w.org\/{rel}","templated":true}]}}