{"id":970,"date":"2025-12-11T13:15:46","date_gmt":"2025-12-11T13:15:46","guid":{"rendered":"https:\/\/possp.pt\/?page_id=970"},"modified":"2026-04-06T19:26:42","modified_gmt":"2026-04-06T19:26:42","slug":"weekend-la-manastire-decembrie-2025","status":"publish","type":"page","link":"https:\/\/possp.pt\/pt\/weekend-la-manastire-decembrie-2025\/","title":{"rendered":"Fim de semana no mosteiro, dezembro de 2025"},"content":{"rendered":"<div class=\"brz brz-root__container brz-reset-all brz-root__container-page\">\n<section id=\"nzPz92dqs3uV_nzPz92dqs3uV\" class=\"brz-section brz-css-d-section brz-css-el6a5f\">\n<div class=\"brz-section__content brz-section--boxed brz-css-d-sectionitem-bg brz-css-1jxktxj\" data-brz-custom-id=\"y3u_GI6CGuPf\">\n<div class=\"brz-container brz-css-d-sectionitem-container brz-css-6p6686\">\n<div id=\"\" class=\"brz-css-d-wrapper brz-css-yuthbn brz-wrapper\">\n<div class=\"brz-rich-text brz-rich-text__custom brz-css-d-richtext brz-css-j8bv32\" data-brz-custom-id=\"ajALwo61yggx\">\n<div data-brz-translate-text=\"1\">\n<h1 class=\"brz-text-lg-left brz-tp-lg-heading1 brz-fs-lg-38 brz-ft-google brz-ff-playfair_display brz-fsft-lg-0 brz-fwdth-lg-100 brz-vfw-lg-400 brz-lh-lg-1_3 brz-ls-lg-0 brz-fw-lg-400 brz-fss-lg-px ql-align-center brz-css-hwC3f\" data-uniq-id=\"n2KGW\" data-generated-css=\"brz-css-bOCkK\">Fim de semana no mosteiro, dezembro de 2025<\/h1>\n<\/div>\n<\/div>\n<\/div>\n<div id=\"\" class=\"brz-css-d-wrapper brz-css-15i8dyb brz-wrapper\">\n<div class=\"brz-rich-text brz-rich-text__custom brz-css-d-richtext brz-css-46ozom\" data-brz-custom-id=\"kC0UrdgRVII2\">\n<div data-brz-translate-text=\"1\">\n<p class=\"brz-tp-lg-paragraph,empty brz-css-mCNZR\" data-generated-css=\"brz-css-fDtGr\" data-uniq-id=\"yewiY\"><span style=\"background-color: transparent\">Depois da Divina Liturgia da festa de S\u00e3o Nicolau \u2014 na qual celebr\u00e1mos pela primeira vez com o padre-di\u00e1cono Frutuoso \u2014 pusemo-nos a caminho do mosteiro.<\/span><\/p>\n<p class=\"brz-tp-lg-paragraph,empty brz-css-cdByC\" data-generated-css=\"brz-css-hp9um\" data-uniq-id=\"sgmZ5\"><span style=\"background-color: transparent\">Talvez muitos de n\u00f3s nos venhamos a esquecer do caminho at\u00e9 l\u00e1; mas conhecemos algu\u00e9m que, ap\u00f3s dez horas a p\u00e9, decerto n\u00e3o o esquecer\u00e1. :)<\/span><\/p>\n<p class=\"brz-tp-lg-paragraph,empty brz-css-kqt0M\" data-generated-css=\"brz-css-gRmGv\" data-uniq-id=\"lNg2v\"><span style=\"background-color: transparent\"> <\/span><\/p>\n<p class=\"brz-tp-lg-paragraph,empty brz-css-h_56S\" data-generated-css=\"brz-css-nwEZh\" data-uniq-id=\"dKGYH\"><span style=\"background-color: transparent\">Pouco depois de chegarmos, celebramos as V\u00e9speras de Domingo com a comunidade do mosteiro.<\/span><\/p>\n<p class=\"brz-tp-lg-paragraph,empty brz-css-sB1KS\" data-generated-css=\"brz-css-kx1x4\" data-uniq-id=\"cKTUp\"><span style=\"background-color: transparent\">Foi um dia cheio, e o jantar que se seguiu<\/span><span style=\"background-color: transparent\">,<\/span><span style=\"background-color: transparent\"> conduziu-nos, lentamente, ao repouso.&nbsp;<\/span><\/p>\n<p class=\"brz-tp-lg-paragraph,empty brz-css-ufEcs\" data-generated-css=\"brz-css-fGqXj\" data-uniq-id=\"esMUq\"><\/p>\n<p class=\"brz-tp-lg-paragraph,empty brz-css-ywhy_\" data-generated-css=\"brz-css-sPbxo\" data-uniq-id=\"d9NVk\"><span style=\"background-color: transparent\">Domingo amanheceu com as Matinas e a Divina Liturgia. <\/span><\/p>\n<p class=\"brz-tp-lg-paragraph,empty brz-css-rnMPa\" data-generated-css=\"brz-css-mKjRG\" data-uniq-id=\"q7t0w\"><span style=\"background-color: transparent\">Dup\u0103 pr\u00e2nz am f\u0103cut o plimbare p\u00e2n\u0103-n satul Santa Margarida, un timp bun \u00een care am \u00eemp\u0103rt\u0103\u0219it experien\u021be, g\u00e2nduri, curiozit\u0103\u021bi, am povestit despre m\u0103n\u0103stirile din Fran\u021ba &#8211; m\u0103n\u0103stirea Bussy, m\u0103n\u0103stire \u00een care a fost tuns\u0103 \u00een monahism principesa Ileana a Rom\u00e2niei, prin \u00eendrumarea p\u0103rintelui Mitropolit Antonie de<\/span><span style=\"background-color: transparent\"> <\/span><span style=\"background-color: transparent\" class=\"brz-cp-color2\">Sourozh<\/span><span style=\"background-color: transparent\">. N\u00e3o nos esquecemos do mosteiro de S\u00e3o Silvano, dos metocos do mosteiro de Simonospetras e do mosteiro de Brest.&nbsp;<\/span><\/p>\n<p class=\"brz-tp-lg-paragraph,empty brz-css-yczjY\" data-generated-css=\"brz-css-uNLdp\" data-uniq-id=\"uGhs9\"><span style=\"background-color: transparent\">Alegramo-nos por ouvir relatos de um acampamento ortodoxo internacional para jovens adultos, na Inglaterra, bem como sobre outros acampamentos nos quais pudemos participar nos \u00faltimos anos.<\/span><\/p>\n<p class=\"brz-tp-lg-paragraph,empty brz-css-ab_R6\" data-generated-css=\"brz-css-jUL3w\" data-uniq-id=\"k4Q79\"><span style=\"background-color: transparent\">\u00c0s 17h, recebemos a Santa Un\u00e7\u00e3o, com a admir\u00e1vel surpresa de ver entre n\u00f3s outros membros da par\u00f3quia.<\/span><\/p>\n<p class=\"brz-tp-lg-paragraph,empty brz-css-mcCBN\" data-generated-css=\"brz-css-sk7ok\" data-uniq-id=\"j0W82\"><span style=\"background-color: transparent\">Mais uma vez, o jantar que se seguiu mostrou-nos o caminho para os quartos.<\/span><\/p>\n<p class=\"brz-tp-lg-paragraph,empty brz-css-mL6DL\" data-generated-css=\"brz-css-kysVI\" data-uniq-id=\"zDxeo\"><\/p>\n<p class=\"brz-tp-lg-paragraph,empty brz-css-lU57D\" data-generated-css=\"brz-css-gZUjb\" data-uniq-id=\"alyaM\"><span style=\"background-color: transparent\">A segunda-feira encontrou-nos bastante restaurados.<\/span><\/p>\n<p class=\"brz-tp-lg-paragraph,empty brz-css-pzh9Z\" data-generated-css=\"brz-css-ejUU_\" data-uniq-id=\"qeO5I\"><span style=\"background-color: transparent\">De manh\u00e3 come\u00e7\u00e1mos com a Divina Liturgia e, depois do pequeno-almo\u00e7o, pass\u00e1mos o dia no olival do mosteiro, colhendo os \u00faltimos frutos das \u00e1rvores. <\/span><\/p>\n<p class=\"brz-tp-lg-paragraph,empty brz-css-svpkY\" data-generated-css=\"brz-css-f8Ub4\" data-uniq-id=\"oTWu9\"><span style=\"background-color: transparent\">Foi belo: as crian\u00e7as a brincar entre as \u00e1rvores, a inventar jogos, a correr atr\u00e1s dos patos, a comer tangerinas acabadas de colher. Nem demos conta da noite a cair.&nbsp;<\/span><\/p>\n<p class=\"brz-tp-lg-paragraph,empty brz-css-p5Cf1\" data-generated-css=\"brz-css-kInzl\" data-uniq-id=\"houJ3\"><span class=\"brz-cp-color2\" style=\"background-color: transparent\">Desta vez, o jantar indicou-nos o caminho de volta a casa \u2014 caminho no qual \u00edamos j\u00e1 pensando nos pr\u00f3ximos encontros.<\/span><\/p>\n<\/div>\n<\/div>\n<\/div>\n<div id=\"\" class=\"brz-css-d-wrapper brz-css-r-wrapper brz-css-17srjh5 brz-wrapper\">\n<div class=\"brz-spacer brz-css-d-spacer brz-css-9se21f\"><\/div>\n<\/div>\n<div id=\"\" class=\"brz-css-d-wrapper brz-css-latmag brz-wrapper\">\n<div class=\"brz-wp-shortcode brz-css-d-wpcustomshortcode brz-css-1u8xqkr\" data-brz-custom-id=\"dwkInWNn6ZLP\">\n<div><div id=\"envira-gallery-wrap-952\" class=\"envira-gallery-wrap envira-gallery-theme-base envira-lightbox-theme-base\" itemscope itemtype=\"https:\/\/schema.org\/ImageGallery\"><div data-row-height=\"150\" data-gallery-theme=\"normal\" id=\"envira-gallery-952\" class=\"envira-gallery-public envira-gallery-justified-public envira-gallery-0-columns envira-clear enviratope envira-gallery-css-animations\" data-envira-columns=\"0\"><div id=\"envira-gallery-item-953\" class=\"envira-gallery-item enviratope-item envira-gallery-item-1 envira-lazy-load\" style=\"padding-left: 5px; padding-bottom: 10px; padding-right: 5px;\"  itemscope itemtype=\"https:\/\/schema.org\/ImageObject\"><div class=\"envira-gallery-item-inner\"><div class=\"envira-gallery-position-overlay  envira-gallery-top-left\"><\/div><div class=\"envira-gallery-position-overlay  envira-gallery-top-right\"><\/div><div class=\"envira-gallery-position-overlay  envira-gallery-bottom-left\"><\/div><div class=\"envira-gallery-position-overlay  envira-gallery-bottom-right\"><\/div><a href=\"https:\/\/possp.pt\/wp-content\/uploads\/2025\/12\/1.jpg\" class=\"envira-gallery-952 envira-gallery-link\" rel=\"enviragallery952\" title=\"1\" data-envira-caption=\"1\" data-envira-retina=\"\" data-thumbnail=\"\"  itemprop=\"contentUrl\"><img decoding=\"async\" id=\"envira-gallery-image-953\" class=\"envira-gallery-image envira-gallery-image-1 envira-normal envira-lazy\" data-envira-index=\"1\" src=\"https:\/\/possp.pt\/wp-content\/uploads\/2025\/12\/1.jpg\" data-envira-src=\"https:\/\/possp.pt\/wp-content\/uploads\/2025\/12\/1.jpg\" data-envira-gallery-id=\"952\" data-envira-item-id=\"953\" data-envira-caption=\"1\" alt=\"\" title=\"1\"  itemprop=\"thumbnailUrl\" data-envira-srcset=\"https:\/\/possp.pt\/wp-content\/uploads\/2025\/12\/1.jpg 400w,https:\/\/possp.pt\/wp-content\/uploads\/2025\/12\/1.jpg 2x\" data-envira-width=\"300\" data-envira-height=\"225\" srcset=\"data:image\/gif;base64,R0lGODlhAQABAIAAAP\/\/\/\/\/\/\/yH5BAEKAAEALAAAAAABAAEAAAICTAEAOw==\" data-safe-src=\"data:image\/gif;base64,R0lGODlhAQABAIAAAP\/\/\/\/\/\/\/yH5BAEKAAEALAAAAAABAAEAAAICTAEAOw==\" \/><\/a><\/div><\/div><div id=\"envira-gallery-item-954\" class=\"envira-gallery-item enviratope-item envira-gallery-item-2 envira-lazy-load\" style=\"padding-left: 5px; padding-bottom: 10px; padding-right: 5px;\"  itemscope itemtype=\"https:\/\/schema.org\/ImageObject\"><div class=\"envira-gallery-item-inner\"><div class=\"envira-gallery-position-overlay  envira-gallery-top-left\"><\/div><div class=\"envira-gallery-position-overlay  envira-gallery-top-right\"><\/div><div class=\"envira-gallery-position-overlay  envira-gallery-bottom-left\"><\/div><div class=\"envira-gallery-position-overlay  envira-gallery-bottom-right\"><\/div><a href=\"https:\/\/possp.pt\/wp-content\/uploads\/2025\/12\/2.jpg\" class=\"envira-gallery-952 envira-gallery-link\" rel=\"enviragallery952\" title=\"2\" data-envira-caption=\"2\" data-envira-retina=\"\" data-thumbnail=\"\"  itemprop=\"contentUrl\"><img decoding=\"async\" id=\"envira-gallery-image-954\" class=\"envira-gallery-image envira-gallery-image-2 envira-normal envira-lazy\" data-envira-index=\"2\" src=\"https:\/\/possp.pt\/wp-content\/uploads\/2025\/12\/2.jpg\" data-envira-src=\"https:\/\/possp.pt\/wp-content\/uploads\/2025\/12\/2.jpg\" data-envira-gallery-id=\"952\" data-envira-item-id=\"954\" data-envira-caption=\"2\" alt=\"\" title=\"2\"  itemprop=\"thumbnailUrl\" data-envira-srcset=\"https:\/\/possp.pt\/wp-content\/uploads\/2025\/12\/2.jpg 400w,https:\/\/possp.pt\/wp-content\/uploads\/2025\/12\/2.jpg 2x\" data-envira-width=\"300\" data-envira-height=\"225\" srcset=\"data:image\/gif;base64,R0lGODlhAQABAIAAAP\/\/\/\/\/\/\/yH5BAEKAAEALAAAAAABAAEAAAICTAEAOw==\" data-safe-src=\"data:image\/gif;base64,R0lGODlhAQABAIAAAP\/\/\/\/\/\/\/yH5BAEKAAEALAAAAAABAAEAAAICTAEAOw==\" \/><\/a><\/div><\/div><div id=\"envira-gallery-item-955\" class=\"envira-gallery-item enviratope-item envira-gallery-item-3 envira-lazy-load\" style=\"padding-left: 5px; padding-bottom: 10px; padding-right: 5px;\"  itemscope itemtype=\"https:\/\/schema.org\/ImageObject\"><div class=\"envira-gallery-item-inner\"><div class=\"envira-gallery-position-overlay  envira-gallery-top-left\"><\/div><div class=\"envira-gallery-position-overlay  envira-gallery-top-right\"><\/div><div class=\"envira-gallery-position-overlay  envira-gallery-bottom-left\"><\/div><div class=\"envira-gallery-position-overlay  envira-gallery-bottom-right\"><\/div><a href=\"https:\/\/possp.pt\/wp-content\/uploads\/2025\/12\/3.jpg\" class=\"envira-gallery-952 envira-gallery-link\" rel=\"enviragallery952\" title=\"3\" data-envira-caption=\"3\" data-envira-retina=\"\" data-thumbnail=\"\"  itemprop=\"contentUrl\"><img decoding=\"async\" id=\"envira-gallery-image-955\" class=\"envira-gallery-image envira-gallery-image-3 envira-normal envira-lazy\" data-envira-index=\"3\" src=\"https:\/\/possp.pt\/wp-content\/uploads\/2025\/12\/3.jpg\" data-envira-src=\"https:\/\/possp.pt\/wp-content\/uploads\/2025\/12\/3.jpg\" data-envira-gallery-id=\"952\" data-envira-item-id=\"955\" data-envira-caption=\"3\" alt=\"\" title=\"3\"  itemprop=\"thumbnailUrl\" data-envira-srcset=\"https:\/\/possp.pt\/wp-content\/uploads\/2025\/12\/3.jpg 400w,https:\/\/possp.pt\/wp-content\/uploads\/2025\/12\/3.jpg 2x\" data-envira-width=\"300\" data-envira-height=\"225\" srcset=\"data:image\/gif;base64,R0lGODlhAQABAIAAAP\/\/\/\/\/\/\/yH5BAEKAAEALAAAAAABAAEAAAICTAEAOw==\" data-safe-src=\"data:image\/gif;base64,R0lGODlhAQABAIAAAP\/\/\/\/\/\/\/yH5BAEKAAEALAAAAAABAAEAAAICTAEAOw==\" \/><\/a><\/div><\/div><div id=\"envira-gallery-item-956\" class=\"envira-gallery-item enviratope-item envira-gallery-item-4 envira-lazy-load\" style=\"padding-left: 5px; padding-bottom: 10px; padding-right: 5px;\"  itemscope itemtype=\"https:\/\/schema.org\/ImageObject\"><div class=\"envira-gallery-item-inner\"><div class=\"envira-gallery-position-overlay  envira-gallery-top-left\"><\/div><div class=\"envira-gallery-position-overlay  envira-gallery-top-right\"><\/div><div class=\"envira-gallery-position-overlay  envira-gallery-bottom-left\"><\/div><div class=\"envira-gallery-position-overlay  envira-gallery-bottom-right\"><\/div><a href=\"https:\/\/possp.pt\/wp-content\/uploads\/2025\/12\/4.jpg\" class=\"envira-gallery-952 envira-gallery-link\" rel=\"enviragallery952\" title=\"4\" data-envira-caption=\"4\" data-envira-retina=\"\" data-thumbnail=\"\"  itemprop=\"contentUrl\"><img decoding=\"async\" id=\"envira-gallery-image-956\" class=\"envira-gallery-image envira-gallery-image-4 envira-normal envira-lazy\" data-envira-index=\"4\" src=\"https:\/\/possp.pt\/wp-content\/uploads\/2025\/12\/4.jpg\" data-envira-src=\"https:\/\/possp.pt\/wp-content\/uploads\/2025\/12\/4.jpg\" data-envira-gallery-id=\"952\" data-envira-item-id=\"956\" data-envira-caption=\"4\" alt=\"\" title=\"4\"  itemprop=\"thumbnailUrl\" data-envira-srcset=\"https:\/\/possp.pt\/wp-content\/uploads\/2025\/12\/4.jpg 400w,https:\/\/possp.pt\/wp-content\/uploads\/2025\/12\/4.jpg 2x\" data-envira-width=\"225\" data-envira-height=\"300\" srcset=\"data:image\/gif;base64,R0lGODlhAQABAIAAAP\/\/\/\/\/\/\/yH5BAEKAAEALAAAAAABAAEAAAICTAEAOw==\" data-safe-src=\"data:image\/gif;base64,R0lGODlhAQABAIAAAP\/\/\/\/\/\/\/yH5BAEKAAEALAAAAAABAAEAAAICTAEAOw==\" \/><\/a><\/div><\/div><div id=\"envira-gallery-item-957\" class=\"envira-gallery-item enviratope-item envira-gallery-item-5 envira-lazy-load\" style=\"padding-left: 5px; padding-bottom: 10px; padding-right: 5px;\"  itemscope itemtype=\"https:\/\/schema.org\/ImageObject\"><div class=\"envira-gallery-item-inner\"><div class=\"envira-gallery-position-overlay  envira-gallery-top-left\"><\/div><div class=\"envira-gallery-position-overlay  envira-gallery-top-right\"><\/div><div class=\"envira-gallery-position-overlay  envira-gallery-bottom-left\"><\/div><div class=\"envira-gallery-position-overlay  envira-gallery-bottom-right\"><\/div><a href=\"https:\/\/possp.pt\/wp-content\/uploads\/2025\/12\/5.jpg\" class=\"envira-gallery-952 envira-gallery-link\" rel=\"enviragallery952\" title=\"5\" data-envira-caption=\"5\" data-envira-retina=\"\" data-thumbnail=\"\"  itemprop=\"contentUrl\"><img decoding=\"async\" id=\"envira-gallery-image-957\" class=\"envira-gallery-image envira-gallery-image-5 envira-normal envira-lazy\" data-envira-index=\"5\" src=\"https:\/\/possp.pt\/wp-content\/uploads\/2025\/12\/5.jpg\" data-envira-src=\"https:\/\/possp.pt\/wp-content\/uploads\/2025\/12\/5.jpg\" data-envira-gallery-id=\"952\" data-envira-item-id=\"957\" data-envira-caption=\"5\" alt=\"\" title=\"5\"  itemprop=\"thumbnailUrl\" data-envira-srcset=\"https:\/\/possp.pt\/wp-content\/uploads\/2025\/12\/5.jpg 400w,https:\/\/possp.pt\/wp-content\/uploads\/2025\/12\/5.jpg 2x\" data-envira-width=\"300\" data-envira-height=\"225\" srcset=\"data:image\/gif;base64,R0lGODlhAQABAIAAAP\/\/\/\/\/\/\/yH5BAEKAAEALAAAAAABAAEAAAICTAEAOw==\" data-safe-src=\"data:image\/gif;base64,R0lGODlhAQABAIAAAP\/\/\/\/\/\/\/yH5BAEKAAEALAAAAAABAAEAAAICTAEAOw==\" \/><\/a><\/div><\/div><div id=\"envira-gallery-item-958\" class=\"envira-gallery-item enviratope-item envira-gallery-item-6 envira-lazy-load\" style=\"padding-left: 5px; padding-bottom: 10px; padding-right: 5px;\"  itemscope itemtype=\"https:\/\/schema.org\/ImageObject\"><div class=\"envira-gallery-item-inner\"><div class=\"envira-gallery-position-overlay  envira-gallery-top-left\"><\/div><div class=\"envira-gallery-position-overlay  envira-gallery-top-right\"><\/div><div class=\"envira-gallery-position-overlay  envira-gallery-bottom-left\"><\/div><div class=\"envira-gallery-position-overlay  envira-gallery-bottom-right\"><\/div><a href=\"https:\/\/possp.pt\/wp-content\/uploads\/2025\/12\/6.jpg\" class=\"envira-gallery-952 envira-gallery-link\" rel=\"enviragallery952\" title=\"6\" data-envira-caption=\"6\" data-envira-retina=\"\" data-thumbnail=\"\"  itemprop=\"contentUrl\"><img decoding=\"async\" id=\"envira-gallery-image-958\" class=\"envira-gallery-image envira-gallery-image-6 envira-normal envira-lazy\" data-envira-index=\"6\" src=\"https:\/\/possp.pt\/wp-content\/uploads\/2025\/12\/6.jpg\" data-envira-src=\"https:\/\/possp.pt\/wp-content\/uploads\/2025\/12\/6.jpg\" data-envira-gallery-id=\"952\" data-envira-item-id=\"958\" data-envira-caption=\"6\" alt=\"\" title=\"6\"  itemprop=\"thumbnailUrl\" data-envira-srcset=\"https:\/\/possp.pt\/wp-content\/uploads\/2025\/12\/6.jpg 400w,https:\/\/possp.pt\/wp-content\/uploads\/2025\/12\/6.jpg 2x\" data-envira-width=\"300\" data-envira-height=\"225\" srcset=\"data:image\/gif;base64,R0lGODlhAQABAIAAAP\/\/\/\/\/\/\/yH5BAEKAAEALAAAAAABAAEAAAICTAEAOw==\" data-safe-src=\"data:image\/gif;base64,R0lGODlhAQABAIAAAP\/\/\/\/\/\/\/yH5BAEKAAEALAAAAAABAAEAAAICTAEAOw==\" \/><\/a><\/div><\/div><div id=\"envira-gallery-item-959\" class=\"envira-gallery-item enviratope-item envira-gallery-item-7 envira-lazy-load\" style=\"padding-left: 5px; padding-bottom: 10px; padding-right: 5px;\"  itemscope itemtype=\"https:\/\/schema.org\/ImageObject\"><div class=\"envira-gallery-item-inner\"><div class=\"envira-gallery-position-overlay  envira-gallery-top-left\"><\/div><div class=\"envira-gallery-position-overlay  envira-gallery-top-right\"><\/div><div class=\"envira-gallery-position-overlay  envira-gallery-bottom-left\"><\/div><div class=\"envira-gallery-position-overlay  envira-gallery-bottom-right\"><\/div><a href=\"https:\/\/possp.pt\/wp-content\/uploads\/2025\/12\/7.jpg\" class=\"envira-gallery-952 envira-gallery-link\" rel=\"enviragallery952\" title=\"7\" data-envira-caption=\"7\" data-envira-retina=\"\" data-thumbnail=\"\"  itemprop=\"contentUrl\"><img decoding=\"async\" id=\"envira-gallery-image-959\" class=\"envira-gallery-image envira-gallery-image-7 envira-normal envira-lazy\" data-envira-index=\"7\" src=\"https:\/\/possp.pt\/wp-content\/uploads\/2025\/12\/7.jpg\" data-envira-src=\"https:\/\/possp.pt\/wp-content\/uploads\/2025\/12\/7.jpg\" data-envira-gallery-id=\"952\" data-envira-item-id=\"959\" data-envira-caption=\"7\" alt=\"\" title=\"7\"  itemprop=\"thumbnailUrl\" data-envira-srcset=\"https:\/\/possp.pt\/wp-content\/uploads\/2025\/12\/7.jpg 400w,https:\/\/possp.pt\/wp-content\/uploads\/2025\/12\/7.jpg 2x\" data-envira-width=\"300\" data-envira-height=\"173\" srcset=\"data:image\/gif;base64,R0lGODlhAQABAIAAAP\/\/\/\/\/\/\/yH5BAEKAAEALAAAAAABAAEAAAICTAEAOw==\" data-safe-src=\"data:image\/gif;base64,R0lGODlhAQABAIAAAP\/\/\/\/\/\/\/yH5BAEKAAEALAAAAAABAAEAAAICTAEAOw==\" \/><\/a><\/div><\/div><\/div><\/div><noscript><img decoding=\"async\" src=\"https:\/\/possp.pt\/wp-content\/uploads\/2025\/12\/1.jpg\" alt=\"\" \/><img decoding=\"async\" src=\"https:\/\/possp.pt\/wp-content\/uploads\/2025\/12\/2.jpg\" alt=\"\" \/><img decoding=\"async\" src=\"https:\/\/possp.pt\/wp-content\/uploads\/2025\/12\/3.jpg\" alt=\"\" \/><img decoding=\"async\" src=\"https:\/\/possp.pt\/wp-content\/uploads\/2025\/12\/4.jpg\" alt=\"\" \/><img decoding=\"async\" src=\"https:\/\/possp.pt\/wp-content\/uploads\/2025\/12\/5.jpg\" alt=\"\" \/><img decoding=\"async\" src=\"https:\/\/possp.pt\/wp-content\/uploads\/2025\/12\/6.jpg\" alt=\"\" \/><img decoding=\"async\" src=\"https:\/\/possp.pt\/wp-content\/uploads\/2025\/12\/7.jpg\" alt=\"\" \/><\/noscript><\/div>\n<\/div>\n<\/div>\n<\/div>\n<\/div>\n<\/section><\/div>\n<p><!-- version:1774612273 --><\/p>","protected":false},"excerpt":{"rendered":"<p>Weekend la m\u0103n\u0103stire Dup\u0103 Liturghia din ziua Sf\u00e2ntului Nicolae, unde am slujit pentru prima dat\u0103 cu p\u0103rintele diacon Fructuoso, am pornit spre m\u0103n\u0103stire. Poate c\u0103 mul\u021bi vom uita drumul p\u00e2n\u0103 acolo, dar \u0219tim pe cineva care cu siguran\u021b\u0103 nu-l va uita, dup\u0103 cele 10 ore de mers pe jos.:) La scurt timp dup\u0103 ce-am ajuns, [&hellip;]<\/p>\n","protected":false},"author":1,"featured_media":0,"parent":0,"menu_order":0,"comment_status":"closed","ping_status":"closed","template":"","meta":{"footnotes":""},"class_list":["post-970","page","type-page","status-publish","hentry"],"blocksy_meta":[],"brizy_media":[],"_links":{"self":[{"href":"https:\/\/possp.pt\/pt\/wp-json\/wp\/v2\/pages\/970","targetHints":{"allow":["GET"]}}],"collection":[{"href":"https:\/\/possp.pt\/pt\/wp-json\/wp\/v2\/pages"}],"about":[{"href":"https:\/\/possp.pt\/pt\/wp-json\/wp\/v2\/types\/page"}],"author":[{"embeddable":true,"href":"https:\/\/possp.pt\/pt\/wp-json\/wp\/v2\/users\/1"}],"replies":[{"embeddable":true,"href":"https:\/\/possp.pt\/pt\/wp-json\/wp\/v2\/comments?post=970"}],"version-history":[{"count":10,"href":"https:\/\/possp.pt\/pt\/wp-json\/wp\/v2\/pages\/970\/revisions"}],"predecessor-version":[{"id":1125,"href":"https:\/\/possp.pt\/pt\/wp-json\/wp\/v2\/pages\/970\/revisions\/1125"}],"wp:attachment":[{"href":"https:\/\/possp.pt\/pt\/wp-json\/wp\/v2\/media?parent=970"}],"curies":[{"name":"wp","href":"https:\/\/api.w.org\/{rel}","templated":true}]}}