{"id":979,"date":"2025-12-11T13:18:59","date_gmt":"2025-12-11T13:18:59","guid":{"rendered":"https:\/\/possp.pt\/?page_id=979"},"modified":"2026-04-06T19:04:42","modified_gmt":"2026-04-06T19:04:42","slug":"spiritualitea-ortodoxa-si-psihiatria-2","status":"publish","type":"page","link":"https:\/\/possp.pt\/pt\/spiritualitea-ortodoxa-si-psihiatria-2\/","title":{"rendered":"Encontro \u00abEspiritualidade ortodoxa e psiquiatria\u00bb"},"content":{"rendered":"<div class=\"brz brz-root__container brz-reset-all brz-root__container-page\">\n<section id=\"sODV27m34uJ__sODV27m34uJ_\" class=\"brz-section brz-css-d-section brz-css-1misy2q\">\n<div class=\"brz-section__content brz-section--boxed brz-css-d-sectionitem-bg brz-css-1baqo1k\" data-brz-custom-id=\"sYF_x6wMhFgb\">\n<div class=\"brz-container brz-css-d-sectionitem-container brz-css-14gd7no\">\n<div id=\"\" class=\"brz-css-d-wrapper brz-css-tt19ye brz-wrapper\">\n<div class=\"brz-rich-text brz-rich-text__custom brz-css-d-richtext brz-css-ezr5sb\" data-brz-custom-id=\"fCoh16AlAcec\">\n<div data-brz-translate-text=\"1\">\n<h1 data-uniq-id=\"vaULl\" data-generated-css=\"brz-css-kwdFG\" class=\"brz-tp-lg-heading1 brz-css-ujZby\"><span>\u201eSpiritualitea ortodox\u0103 \u0219i psihiatria\u201d<\/span><\/h1>\n<h1 data-uniq-id=\"r7Esd\" data-generated-css=\"brz-css-ySNrV\" class=\"brz-tp-lg-heading1 brz-css-lpBND\"><span>\u201eA espiritualidade ortodoxa e a psiquiatria\u201d<\/span><\/h1>\n<\/div>\n<\/div>\n<\/div>\n<div class=\"brz-row__container brz-css-d-row-row brz-css-1jwxmgh\" data-brz-custom-id=\"buLnSqGZgHvA\">\n<div class=\"brz-row brz-css-d-row-container brz-css-77fsll\">\n<div class=\"brz-columns brz-css-d-column-column brz-css-1i10ptv\" data-brz-custom-id=\"tMlJkkiUeRHF\">\n<div class=\"brz-column__items brz-css-d-column-bg brz-css-17mx0vf\">\n<div id=\"\" class=\"brz-css-d-wrapper brz-css-1gmzjnh brz-wrapper\">\n<div class=\"brz-image brz-image__lightbox brz-css-d-image-vnse5iaiurme-parent brz-css-15qm83f\" data-brz-custom-id=\"vnSe5IaiUrme\"><a class=\"brz-a\" target=\"_self\" rel=\"noopener\" href=\"https:\/\/possp.pt\/wp-content\/uploads\/2025\/02\/Spiritualitea-ortodoxa-si-psihiatria.jpg\" data-brz-link-type=\"lightBox\"><img decoding=\"async\" class=\"brz-img\" src=\"https:\/\/possp.pt\/wp-content\/uploads\/2025\/02\/Spiritualitea-ortodoxa-si-psihiatria.jpg\" loading=\"lazy\" title=\"\"><\/a><\/div>\n<\/div>\n<\/div>\n<\/div>\n<div class=\"brz-columns brz-css-d-column-column brz-css-1m3r9ez\" data-brz-custom-id=\"psPOBTbSZX1u\">\n<div class=\"brz-column__items brz-css-d-column-bg brz-css-cjdqap\">\n<div class=\"brz-wrapper-clone brz-flex-xs-wrap brz-css-d-cloneable brz-css-1f2idth\" data-brz-custom-id=\"wSCq0OVcS4Nh\"><a class=\"brz-a brz-btn brz-css-d-button brz-css-1wdvhb brz-css-d-button-bg brz-css-k2bbk5\" target=\"_blank\" rel=\"noopener noreferrer\" href=\"https:\/\/drive.google.com\/file\/d\/1AsmoIpV_U2YCZYKTNEeWpJx_eFkcYmdr\/view\" data-brz-link-type=\"external\" data-brz-custom-id=\"roJC_oEDRPQR\"><span data-brz-translate-text=\"1\" class=\"brz-span brz-text__editor\"><br \/>\nDiscu\u021bia poate fi ascultat\u0103 aici<br \/>A discuss\u00e3o pode ser ouvida aqui<\/span><\/a><\/div>\n<\/div>\n<\/div>\n<\/div>\n<\/div>\n<div class=\"brz-row__container brz-css-d-row-row brz-css-qf3xf3\" data-brz-custom-id=\"pZjJ_qUcAGkz\">\n<div class=\"brz-row brz-css-d-row-container brz-css-ra52ol\">\n<div class=\"brz-columns brz-css-d-column-column brz-css-1nso9ns\" data-brz-custom-id=\"pRyxH9S2ePar\">\n<div class=\"brz-column__items brz-css-d-column-bg brz-css-jiwbff\">\n<div id=\"\" class=\"brz-css-d-wrapper brz-css-14p0dq3 brz-wrapper\">\n<div class=\"brz-image brz-css-d-image-aselpwekri5n-parent brz-css-14t331w\" data-brz-custom-id=\"aSELPweKRi5N\"><img decoding=\"async\" class=\"brz-img\" src=\"https:\/\/possp.pt\/wp-content\/uploads\/2025\/01\/01.jpg\" loading=\"lazy\" title=\"\"><\/div>\n<\/div>\n<div id=\"\" class=\"brz-css-d-wrapper brz-css-1i5dp4b brz-wrapper\">\n<div class=\"brz-rich-text brz-rich-text__custom brz-css-d-richtext brz-css-q5eqid\" data-brz-custom-id=\"d1Ef0bpVL15n\">\n<div data-brz-translate-text=\"1\">\n<p class=\"brz-tp-lg-paragraph brz-text-lg-justify brz-css-o0DWG\" data-generated-css=\"brz-css-dUWPK\" data-uniq-id=\"kaS9X\"><span>Duminic\u0103, 2 februarie, \u00eel vom avea \u00een mijlocul nostru pe p\u0103rintele Benedict Both. Vom sluji \u00eempreun\u0103 Sf\u00e2nta Liturghie urmat\u0103 de o discu\u021bie av\u00e2nd ca punct de plecare cele dou\u0103 arii de activitate ale p\u0103rintelui: spiritualitatea ortodox\u0103&nbsp;\u0219i&nbsp;medicina (psihiatria).<\/span><\/p>\n<\/div>\n<\/div>\n<\/div>\n<\/div>\n<\/div>\n<div class=\"brz-columns brz-css-d-column-column brz-css-1kh1dpw\" data-brz-custom-id=\"lnSYZwpBH36h\">\n<div class=\"brz-column__items brz-css-d-column-bg brz-css-1pf2ckx\">\n<div id=\"\" class=\"brz-css-d-wrapper brz-css-t1wxoq brz-wrapper\">\n<div class=\"brz-image brz-css-d-image-xstkqnliyodp-parent brz-css-dhjyn3\" data-brz-custom-id=\"xStkQnLiYodP\"><img decoding=\"async\" class=\"brz-img\" src=\"https:\/\/possp.pt\/wp-content\/uploads\/2025\/01\/02.jpg\" loading=\"lazy\" title=\"\"><\/div>\n<\/div>\n<div id=\"\" class=\"brz-css-d-wrapper brz-css-14mpnll brz-wrapper\">\n<div class=\"brz-rich-text brz-rich-text__custom brz-css-d-richtext brz-css-19c1ri6\" data-brz-custom-id=\"sNXryaWfPlod\">\n<div data-brz-translate-text=\"1\">\n<p class=\"brz-tp-lg-paragraph brz-text-lg-justify brz-css-zWGSU\" data-generated-css=\"brz-css-bMKHu\" data-uniq-id=\"ht6lG\"><span>No domingo, 2 de fevereiro, o Padre Benedict Both estar\u00e1 connosco. Celebraremos juntos a Divina Liturgia, seguida de um conversa com ponto de partida as duas \u00e1reas de atividade do Padre Benedict: a espiritualidade ortodoxa&nbsp;e&nbsp;a&nbsp;medicina (psiquiatria).<\/span><\/p>\n<\/div>\n<\/div>\n<\/div>\n<\/div>\n<\/div>\n<\/div>\n<\/div>\n<\/div>\n<\/div>\n<\/section><\/div>\n<p><!-- version:1765459283 --><\/p>","protected":false},"excerpt":{"rendered":"<p>\u201eSpiritualitea ortodox\u0103 \u0219i psihiatria\u201d \u201eA espiritualidade ortodoxa e a psiquiatria\u201d Discu\u021bia poate fi ascultat\u0103 aiciA discuss\u00e3o pode ser ouvida aqui Duminic\u0103, 2 februarie, \u00eel vom avea \u00een mijlocul nostru pe p\u0103rintele Benedict Both. Vom sluji \u00eempreun\u0103 Sf\u00e2nta Liturghie urmat\u0103 de o discu\u021bie av\u00e2nd ca punct de plecare cele dou\u0103 arii de activitate ale p\u0103rintelui: spiritualitatea [&hellip;]<\/p>\n","protected":false},"author":1,"featured_media":0,"parent":0,"menu_order":0,"comment_status":"closed","ping_status":"closed","template":"","meta":{"footnotes":""},"class_list":["post-979","page","type-page","status-publish","hentry"],"blocksy_meta":[],"brizy_media":[],"_links":{"self":[{"href":"https:\/\/possp.pt\/pt\/wp-json\/wp\/v2\/pages\/979","targetHints":{"allow":["GET"]}}],"collection":[{"href":"https:\/\/possp.pt\/pt\/wp-json\/wp\/v2\/pages"}],"about":[{"href":"https:\/\/possp.pt\/pt\/wp-json\/wp\/v2\/types\/page"}],"author":[{"embeddable":true,"href":"https:\/\/possp.pt\/pt\/wp-json\/wp\/v2\/users\/1"}],"replies":[{"embeddable":true,"href":"https:\/\/possp.pt\/pt\/wp-json\/wp\/v2\/comments?post=979"}],"version-history":[{"count":3,"href":"https:\/\/possp.pt\/pt\/wp-json\/wp\/v2\/pages\/979\/revisions"}],"predecessor-version":[{"id":983,"href":"https:\/\/possp.pt\/pt\/wp-json\/wp\/v2\/pages\/979\/revisions\/983"}],"wp:attachment":[{"href":"https:\/\/possp.pt\/pt\/wp-json\/wp\/v2\/media?parent=979"}],"curies":[{"name":"wp","href":"https:\/\/api.w.org\/{rel}","templated":true}]}}