{"id":985,"date":"2025-12-11T13:23:36","date_gmt":"2025-12-11T13:23:36","guid":{"rendered":"https:\/\/possp.pt\/?page_id=985"},"modified":"2026-05-06T19:18:19","modified_gmt":"2026-05-06T19:18:19","slug":"ps-teofil-la-paraclisul-episcopal-din-porto","status":"publish","type":"page","link":"https:\/\/possp.pt\/pt\/ps-teofil-la-paraclisul-episcopal-din-porto\/","title":{"rendered":"PS Te\u00f3filo na Par\u00f3quia do Porto"},"content":{"rendered":"<div class=\"brz brz-root__container brz-reset-all brz-root__container-page\">\n<section id=\"ehEBf8FnNT_y_ehEBf8FnNT_y\" class=\"brz-section brz-css-d-section brz-css-1yuujg2\">\n<div class=\"brz-section__content brz-section--boxed brz-css-d-sectionitem-bg brz-css-f86yw2\" data-brz-custom-id=\"k5oG7FC3hIY2\">\n<div class=\"brz-container brz-css-d-sectionitem-container brz-css-1s74fx2\">\n<div id=\"\" class=\"brz-css-d-wrapper brz-css-1mugo8b brz-wrapper\">\n<div class=\"brz-rich-text brz-rich-text__custom brz-css-d-richtext brz-css-1ucxzx9\" data-brz-custom-id=\"gUSrlduhhzan\">\n<div data-brz-translate-text=\"1\">\n<h1 data-generated-css=\"brz-css-q8zb2\" data-uniq-id=\"q4mSN\" class=\"brz-tp-lg-heading1 brz-css-aZAYA\"><span>PS Te\u00f3filo na Par\u00f3quia do Porto<\/span><\/h1>\n<\/div>\n<\/div>\n<\/div>\n<div id=\"\" class=\"brz-css-d-wrapper brz-css-11qi2p3 brz-wrapper\">\n<div class=\"brz-rich-text brz-rich-text__custom brz-css-d-richtext brz-css-vqpcfi\" data-brz-custom-id=\"wOs2IhB5RsYd\">\n<div data-brz-translate-text=\"1\">\n<p class=\"brz-text-lg-justify brz-ft-google brz-fs-lg-16 brz-fss-lg-px brz-fw-lg-400 brz-ls-lg-0 brz-lh-lg-1_9 brz-vfw-lg-400 brz-fwdth-lg-100 brz-fsft-lg-0 brz-tp-lg-empty brz-ff-playfair_display brz-css-lSSfA\" data-generated-css=\"brz-css-kBrt1\" data-uniq-id=\"qnto2\"><span>Preasfin\u021bitul P\u0103rinte Teofil de Iberia, Arhiereul-vicar al Episcopiei Ortodoxe Rom\u00e2ne a Spaniei \u0219i Portugaliei, s-a aflat \u00een&nbsp;<\/span><em>Duminica a patra dup\u0103 Pogor\u00e2rea Sf\u00e2ntului Duh,<\/em><span>&nbsp;21&nbsp;iulie 2024, la Paraclisul Episcopal&nbsp;<\/span><em>Sf\u00e2ntul Cuvios Sofronie de la Essex,&nbsp;<\/em><span>Portugalia. Preasfin\u021bia Sa&nbsp;a slujit Sf\u00e2nta Liturghie, av\u00e2ndu-i al\u0103turi pe P\u0103rintele paroh Ioan Stoler \u0219i pe P\u0103rintele Arhidiacon Casian Nemet.<\/span><\/p>\n<\/div>\n<\/div>\n<\/div>\n<div id=\"\" class=\"brz-css-d-wrapper brz-css-fowdyt brz-wrapper\">\n<div class=\"brz-rich-text brz-rich-text__custom brz-css-d-richtext brz-css-y4sj09\" data-brz-custom-id=\"ywrkiLEMwR5a\">\n<div data-brz-translate-text=\"1\">\n<p class=\"brz-ff-playfair_display brz-tp-lg-empty brz-text-lg-justify brz-ft-google brz-fs-lg-16 brz-fss-lg-px brz-fw-lg-400 brz-ls-lg-0 brz-lh-lg-1_9 brz-vfw-lg-400 brz-fwdth-lg-100 brz-fsft-lg-0 brz-css-lfTl9\" data-generated-css=\"brz-css-ygIHy\" data-uniq-id=\"qGSfN\">\t<span>\u00cen cuv\u00e2ntul de \u00eenv\u0103\u021b\u0103tur\u0103, Ierarhul a vorbit despre trei mari virtu\u021bi pe care le-au avut at\u00e2t suta\u0219ul din Evanghelia zilei, c\u00e2t \u0219i Sf\u00e2ntul Sofronie de la Essex, ocrotitorul Paraclisului Episcopal&nbsp;din Porto:<\/span><em>&nbsp;Suta\u0219ul L-a bucurat mult pe M\u00e2ntuitorul Hristos cu trei mari virtu\u021bi pe care le avea: credin\u021ba, dragostea \u0219i smerenia. A crezut c\u0103 Domnul poate s\u0103-l vindece pe servitorul s\u0103u bolnav, \u0219i de aceea L-a rugat din inim\u0103 s\u0103 fac\u0103 aceast\u0103 minune. A f\u0103cut aceasta din dragoste fa\u021b\u0103 de servitorul s\u0103u, lucru foarte neobi\u0219nuit \u00een acea vreme. Iar smerenia o arat\u0103 atunci c\u00e2nd nu se consider\u0103 vrednic s\u0103-L primeasc\u0103 pe Domnul \u00een casa sa. Cu aceste virtu\u021bi L-a bucurat pe Domnul \u0219i Cuviosul Sofronie Saharov, ocrotitorul Parohiei dumneavoastr\u0103. A crezut \u00een Domnul Hristos din fraged\u0103 copil\u0103rie. \u00cen tinere\u021be a avut o scurt\u0103 perioad\u0103 de r\u0103t\u0103cire, dar se re\u00eentoarce, cu mult\u0103 poc\u0103in\u021b\u0103 \u0219i mai mare r\u00e2vn\u0103 de a-L cunoa\u0219te pe Domnul Hristos. S-a rugat mult c\u00e2t a fost \u00een via\u021b\u0103, iar acum se roag\u0103 ne\u00eencetat, pentru m\u00e2ntuirea tuturor, la fel ca pentru propria sa m\u00e2ntuire. A fost un om foarte smerit, motiv pentru care a ales via\u021ba monahal\u0103, tr\u0103ind \u00een mare simplitate \u0219i modestie.Dac\u0103 ne dorim s\u0103-L bucur\u0103m \u0219i noi pe Domnul, prin credin\u021b\u0103, dragoste \u0219i smerenie, cu siguran\u021b\u0103 o vom putea face.<\/em><\/p>\n<\/div>\n<\/div>\n<\/div>\n<div id=\"\" class=\"brz-css-d-wrapper brz-css-1p6kfa7 brz-wrapper\">\n<div class=\"brz-rich-text brz-rich-text__custom brz-css-d-richtext brz-css-xv54je\" data-brz-custom-id=\"yFxNb3XemSDM\">\n<div data-brz-translate-text=\"1\">\n<p class=\"brz-ff-playfair_display brz-tp-lg-empty brz-fsft-lg-0 brz-fwdth-lg-100 brz-vfw-lg-400 brz-lh-lg-1_9 brz-ls-lg-0 brz-fw-lg-400 brz-fss-lg-px brz-fs-lg-16 brz-ft-google brz-text-lg-justify brz-css-cgxUC\" data-uniq-id=\"tf_jv\" data-generated-css=\"brz-css-afsgt\">\t<span>La final, P\u0103rintele paroh Ioan Stoler a adus mul\u021bumiri Preasfin\u021bitul P\u0103rinte Teofil pentru vizit\u0103 \u0219i slujire, iar apoi a urmat o agap\u0103 la care au participat to\u021bi credincio\u0219ii prezen\u021bi.<\/span><\/p>\n<\/div>\n<\/div>\n<\/div>\n<div id=\"\" class=\"brz-css-d-wrapper brz-css-r-wrapper brz-css-3i4jql brz-wrapper\">\n<div class=\"brz-spacer brz-css-d-spacer brz-css-1rwsg9o\"><\/div>\n<\/div>\n<div class=\"brz-wrapper-clone brz-flex-xs-wrap brz-css-d-cloneable brz-css-16ch2c6\" data-brz-custom-id=\"oIdLpVVRBZFh\"><a class=\"brz-a brz-btn brz-css-d-button brz-css-1eicnlv brz-css-d-button-bg brz-css-otwwjj\" target=\"_blank\" rel=\"noopener noreferrer\" href=\"https:\/\/obispadoortodoxo.es\/index.php\/arhiva\/evenimente-2024\/279-iulie-2024\/3287-ps-teofil-in-parohia-sf-sofronie-saharov-porto\" data-brz-link-type=\"external\" data-brz-custom-id=\"zVdBidrQjeP7\"><span data-brz-translate-text=\"1\" class=\"brz-span brz-text__editor\">VEZI ARTICOLUL COMPLET&nbsp;<\/span><\/a><\/div>\n<\/div>\n<\/div>\n<\/section><\/div>\n<p><!-- version:1765459509 --><\/p>","protected":false},"excerpt":{"rendered":"<p>PS Teofil la Paraclisul Episcopal din Porto Preasfin\u021bitul P\u0103rinte Teofil de Iberia, Arhiereul-vicar al Episcopiei Ortodoxe Rom\u00e2ne a Spaniei \u0219i Portugaliei, s-a aflat \u00een&nbsp;Duminica a patra dup\u0103 Pogor\u00e2rea Sf\u00e2ntului Duh,&nbsp;21&nbsp;iulie 2024, la Paraclisul Episcopal&nbsp;Sf\u00e2ntul Cuvios Sofronie de la Essex,&nbsp;Portugalia. Preasfin\u021bia Sa&nbsp;a slujit Sf\u00e2nta Liturghie, av\u00e2ndu-i al\u0103turi pe P\u0103rintele paroh Ioan Stoler \u0219i pe P\u0103rintele Arhidiacon [&hellip;]<\/p>\n","protected":false},"author":1,"featured_media":0,"parent":0,"menu_order":0,"comment_status":"closed","ping_status":"closed","template":"","meta":{"footnotes":""},"class_list":["post-985","page","type-page","status-publish","hentry"],"blocksy_meta":[],"brizy_media":[],"_links":{"self":[{"href":"https:\/\/possp.pt\/pt\/wp-json\/wp\/v2\/pages\/985","targetHints":{"allow":["GET"]}}],"collection":[{"href":"https:\/\/possp.pt\/pt\/wp-json\/wp\/v2\/pages"}],"about":[{"href":"https:\/\/possp.pt\/pt\/wp-json\/wp\/v2\/types\/page"}],"author":[{"embeddable":true,"href":"https:\/\/possp.pt\/pt\/wp-json\/wp\/v2\/users\/1"}],"replies":[{"embeddable":true,"href":"https:\/\/possp.pt\/pt\/wp-json\/wp\/v2\/comments?post=985"}],"version-history":[{"count":3,"href":"https:\/\/possp.pt\/pt\/wp-json\/wp\/v2\/pages\/985\/revisions"}],"predecessor-version":[{"id":989,"href":"https:\/\/possp.pt\/pt\/wp-json\/wp\/v2\/pages\/985\/revisions\/989"}],"wp:attachment":[{"href":"https:\/\/possp.pt\/pt\/wp-json\/wp\/v2\/media?parent=985"}],"curies":[{"name":"wp","href":"https:\/\/api.w.org\/{rel}","templated":true}]}}